{"id":2802,"date":"2018-09-14T13:11:44","date_gmt":"2018-09-14T11:11:44","guid":{"rendered":"http:\/\/www.elektro-test.ba\/?page_id=2802"},"modified":"2022-03-26T18:20:19","modified_gmt":"2022-03-26T16:20:19","slug":"kontakt-2","status":"publish","type":"page","link":"https:\/\/www.elektro-test.ba\/ar\/kontakt-2\/","title":{"rendered":"\u0627\u062a\u0635\u0627\u0644"},"content":{"rendered":"<div data-elementor-type=\"wp-post\" data-elementor-id=\"2802\" class=\"elementor elementor-2802\">\n\t\t\t\t\t\t<section class=\"elementor-section elementor-top-section elementor-element elementor-element-f723b6a elementor-section-stretched elementor-section-boxed elementor-section-height-default elementor-section-height-default\" data-id=\"f723b6a\" data-element_type=\"section\" data-settings=\"{&quot;stretch_section&quot;:&quot;section-stretched&quot;}\">\n\t\t\t\t\t\t<div class=\"elementor-container elementor-column-gap-default\">\n\t\t\t\t\t<div class=\"elementor-column elementor-col-100 elementor-top-column elementor-element elementor-element-0cd8339\" data-id=\"0cd8339\" data-element_type=\"column\">\n\t\t\t<div class=\"elementor-widget-wrap elementor-element-populated\">\n\t\t\t\t\t\t<div class=\"elementor-element elementor-element-00afadf elementor-widget elementor-widget-spacer\" data-id=\"00afadf\" data-element_type=\"widget\" data-widget_type=\"spacer.default\">\n\t\t\t\t<div class=\"elementor-widget-container\">\n\t\t\t\t\t\t\t<div class=\"elementor-spacer\">\n\t\t\t<div class=\"elementor-spacer-inner\"><\/div>\n\t\t<\/div>\n\t\t\t\t\t\t<\/div>\n\t\t\t\t<\/div>\n\t\t\t\t\t<\/div>\n\t\t<\/div>\n\t\t\t\t\t<\/div>\n\t\t<\/section>\n\t\t\t\t<section class=\"elementor-section elementor-top-section elementor-element elementor-element-2e09bd5 elementor-section-stretched elementor-section-boxed elementor-section-height-default elementor-section-height-default\" data-id=\"2e09bd5\" data-element_type=\"section\" data-settings=\"{&quot;stretch_section&quot;:&quot;section-stretched&quot;}\">\n\t\t\t\t\t\t<div class=\"elementor-container elementor-column-gap-default\">\n\t\t\t\t\t<div class=\"elementor-column elementor-col-100 elementor-top-column elementor-element elementor-element-3070b27\" data-id=\"3070b27\" data-element_type=\"column\">\n\t\t\t<div class=\"elementor-widget-wrap elementor-element-populated\">\n\t\t\t\t\t\t<div class=\"elementor-element elementor-element-cf7c95f elementor-widget elementor-widget-heading\" data-id=\"cf7c95f\" data-element_type=\"widget\" data-widget_type=\"heading.default\">\n\t\t\t\t<div class=\"elementor-widget-container\">\n\t\t\t\t\t<h2 class=\"elementor-heading-title elementor-size-default\">\u0627\u062a\u0635\u0627\u0644<\/h2>\t\t\t\t<\/div>\n\t\t\t\t<\/div>\n\t\t\t\t\t<\/div>\n\t\t<\/div>\n\t\t\t\t\t<\/div>\n\t\t<\/section>\n\t\t\t\t<section class=\"elementor-section elementor-top-section elementor-element elementor-element-3d7daf37 elementor-section-stretched elementor-section-boxed elementor-section-height-default elementor-section-height-default\" data-id=\"3d7daf37\" data-element_type=\"section\" data-settings=\"{&quot;stretch_section&quot;:&quot;section-stretched&quot;}\">\n\t\t\t\t\t\t<div class=\"elementor-container elementor-column-gap-narrow\">\n\t\t\t\t\t<div class=\"elementor-column elementor-col-33 elementor-top-column elementor-element elementor-element-fac6ed8\" data-id=\"fac6ed8\" data-element_type=\"column\">\n\t\t\t<div class=\"elementor-widget-wrap elementor-element-populated\">\n\t\t\t\t\t\t<div class=\"elementor-element elementor-element-77b492b2 elementor-widget elementor-widget-text-editor\" data-id=\"77b492b2\" data-element_type=\"widget\" data-widget_type=\"text-editor.default\">\n\t\t\t\t<div class=\"elementor-widget-container\">\n\t\t\t\t\t\t\t\t\t<p><strong>\u0628\u0631\u064a\u062f \u0625\u0644\u0643\u062a\u0631\u0648\u0646\u064a:<\/strong>\u00a0nmandzic@elektro-test.ba<\/p><p><strong>\u0645\u062a\u062d\u0631\u0643:<\/strong>\u00a0061 211 683<\/p><p><span style=\"font-weight: bold;\">\u0647\u0627\u062a\u0641:<\/span><span style=\"display: inline !important;\">\u00a0033 430 950<\/span><\/p><p><strong>\u0639\u0646\u0648\u0627\u0646:<\/strong>\u00a0Gornja Jo\u0161anica III \/ 66 \u060c Vogo\u0161\u0107a (\u0628\u0627\u0644\u0642\u0631\u0628 \u0645\u0646 \u0645\u0637\u0639\u0645 Cigo)<\/p>\t\t\t\t\t\t\t\t<\/div>\n\t\t\t\t<\/div>\n\t\t\t\t\t<\/div>\n\t\t<\/div>\n\t\t\t\t<div class=\"elementor-column elementor-col-66 elementor-top-column elementor-element elementor-element-1b500407\" data-id=\"1b500407\" data-element_type=\"column\">\n\t\t\t<div class=\"elementor-widget-wrap elementor-element-populated\">\n\t\t\t\t\t\t<div class=\"elementor-element elementor-element-d6e588b elementor-widget elementor-widget-image\" data-id=\"d6e588b\" data-element_type=\"widget\" data-widget_type=\"image.default\">\n\t\t\t\t<div class=\"elementor-widget-container\">\n\t\t\t\t\t\t\t\t\t\t\t\t\t\t\t<img fetchpriority=\"high\" decoding=\"async\" width=\"225\" height=\"300\" src=\"https:\/\/www.elektro-test.ba\/wp-content\/uploads\/2018\/09\/41622748_353851568490665_1227437237277294592_n-1-225x300.jpg\" class=\"attachment-medium size-medium wp-image-2482\" alt=\"\" srcset=\"https:\/\/www.elektro-test.ba\/wp-content\/uploads\/2018\/09\/41622748_353851568490665_1227437237277294592_n-1-225x300.jpg 225w, https:\/\/www.elektro-test.ba\/wp-content\/uploads\/2018\/09\/41622748_353851568490665_1227437237277294592_n-1-600x800.jpg 600w, https:\/\/www.elektro-test.ba\/wp-content\/uploads\/2018\/09\/41622748_353851568490665_1227437237277294592_n-1-768x1024.jpg 768w, https:\/\/www.elektro-test.ba\/wp-content\/uploads\/2018\/09\/41622748_353851568490665_1227437237277294592_n-1.jpg 1161w\" sizes=\"(max-width: 225px) 100vw, 225px\" \/>\t\t\t\t\t\t\t\t\t\t\t\t\t\t\t<\/div>\n\t\t\t\t<\/div>\n\t\t\t\t\t<\/div>\n\t\t<\/div>\n\t\t\t\t\t<\/div>\n\t\t<\/section>\n\t\t\t\t<section class=\"elementor-section elementor-top-section elementor-element elementor-element-a964e78 elementor-section-stretched elementor-section-height-full elementor-section-full_width elementor-section-items-stretch elementor-section-height-default\" data-id=\"a964e78\" data-element_type=\"section\" data-settings=\"{&quot;stretch_section&quot;:&quot;section-stretched&quot;}\">\n\t\t\t\t\t\t<div class=\"elementor-container elementor-column-gap-narrow\">\n\t\t\t\t\t<div class=\"elementor-column elementor-col-100 elementor-top-column elementor-element elementor-element-27b2654e\" data-id=\"27b2654e\" data-element_type=\"column\">\n\t\t\t<div class=\"elementor-widget-wrap elementor-element-populated\">\n\t\t\t\t\t\t<div class=\"elementor-element elementor-element-13fb1d24 elementor-widget elementor-widget-google_maps\" data-id=\"13fb1d24\" data-element_type=\"widget\" data-widget_type=\"google_maps.default\">\n\t\t\t\t<div class=\"elementor-widget-container\">\n\t\t\t\t\t\t\t<div class=\"elementor-custom-embed\">\n\t\t\t<iframe loading=\"lazy\"\n\t\t\t\t\tsrc=\"https:\/\/maps.google.com\/maps?q=Elektro%20test&#038;t=m&#038;z=17&#038;output=embed&#038;iwloc=near\"\n\t\t\t\t\ttitle=\"\u0627\u062e\u062a\u0628\u0627\u0631 \u0643\u0647\u0631\u0628\u0627\u0626\u064a\"\n\t\t\t\t\taria-label=\"\u0627\u062e\u062a\u0628\u0627\u0631 \u0643\u0647\u0631\u0628\u0627\u0626\u064a\"\n\t\t\t><\/iframe>\n\t\t<\/div>\n\t\t\t\t\t\t<\/div>\n\t\t\t\t<\/div>\n\t\t\t\t\t<\/div>\n\t\t<\/div>\n\t\t\t\t\t<\/div>\n\t\t<\/section>\n\t\t\t\t<\/div>","protected":false},"excerpt":{"rendered":"<p>\u062c\u0647\u0629 \u0627\u0644\u0627\u062a\u0635\u0627\u0644 \u0627\u0644\u0628\u0631\u064a\u062f \u0627\u0644\u0625\u0644\u0643\u062a\u0631\u0648\u0646\u064a: nmandzic@elektro-test.ba \u0627\u0644\u0647\u0627\u062a\u0641 \u0627\u0644\u0645\u062d\u0645\u0648\u0644: 061 211 683 \u0627\u0644\u0647\u0627\u062a\u0641: 033 430 950 \u0627\u0644\u0639\u0646\u0648\u0627\u0646: Gornja Jo\u0161anica III\/66, Vogo\u0161\u0107a (\u0628\u0627\u0644\u0642\u0631\u0628 \u0645\u0646 \u0645\u0637\u0639\u0645 Cigo)<\/p>","protected":false},"author":2,"featured_media":0,"parent":0,"menu_order":0,"comment_status":"closed","ping_status":"closed","template":"","meta":{"footnotes":""},"class_list":["post-2802","page","type-page","status-publish","hentry"],"yoast_head":"<!-- This site is optimized with the Yoast SEO Premium plugin v25.3 (Yoast SEO v27.4) - https:\/\/yoast.com\/product\/yoast-seo-premium-wordpress\/ -->\n<title>Kontakt - Elektro Test Solar d.o.o.<\/title>\n<meta name=\"description\" content=\"%\" \/>\n<meta name=\"robots\" content=\"index, follow, max-snippet:-1, max-image-preview:large, max-video-preview:-1\" \/>\n<link rel=\"canonical\" href=\"https:\/\/www.elektro-test.ba\/ar\/kontakt-2\/\" \/>\n<meta property=\"og:locale\" content=\"ar_AR\" \/>\n<meta property=\"og:type\" content=\"article\" \/>\n<meta property=\"og:title\" content=\"Kontakt\" \/>\n<meta property=\"og:description\" content=\"%\" \/>\n<meta property=\"og:url\" content=\"https:\/\/www.elektro-test.ba\/ar\/kontakt-2\/\" \/>\n<meta property=\"og:site_name\" content=\"Elektro Test Solar d.o.o.\" \/>\n<meta property=\"article:modified_time\" content=\"2022-03-26T16:20:19+00:00\" \/>\n<meta property=\"og:image\" content=\"https:\/\/www.elektro-test.ba\/wp-content\/uploads\/2018\/09\/41622748_353851568490665_1227437237277294592_n-1-225x300.jpg\" \/>\n<script type=\"application\/ld+json\" class=\"yoast-schema-graph\">{\"@context\":\"https:\\\/\\\/schema.org\",\"@graph\":[{\"@type\":\"WebPage\",\"@id\":\"https:\\\/\\\/www.elektro-test.ba\\\/kontakt-2\\\/\",\"url\":\"https:\\\/\\\/www.elektro-test.ba\\\/kontakt-2\\\/\",\"name\":\"Kontakt - Elektro Test Solar d.o.o.\",\"isPartOf\":{\"@id\":\"https:\\\/\\\/www.elektro-test.ba\\\/#website\"},\"primaryImageOfPage\":{\"@id\":\"https:\\\/\\\/www.elektro-test.ba\\\/kontakt-2\\\/#primaryimage\"},\"image\":{\"@id\":\"https:\\\/\\\/www.elektro-test.ba\\\/kontakt-2\\\/#primaryimage\"},\"thumbnailUrl\":\"https:\\\/\\\/www.elektro-test.ba\\\/wp-content\\\/uploads\\\/2018\\\/09\\\/41622748_353851568490665_1227437237277294592_n-1-225x300.jpg\",\"datePublished\":\"2018-09-14T11:11:44+00:00\",\"dateModified\":\"2022-03-26T16:20:19+00:00\",\"description\":\"%\",\"inLanguage\":\"ar\",\"potentialAction\":[{\"@type\":\"ReadAction\",\"target\":[\"https:\\\/\\\/www.elektro-test.ba\\\/kontakt-2\\\/\"]}]},{\"@type\":\"ImageObject\",\"inLanguage\":\"ar\",\"@id\":\"https:\\\/\\\/www.elektro-test.ba\\\/kontakt-2\\\/#primaryimage\",\"url\":\"https:\\\/\\\/www.elektro-test.ba\\\/wp-content\\\/uploads\\\/2018\\\/09\\\/41622748_353851568490665_1227437237277294592_n-1-225x300.jpg\",\"contentUrl\":\"https:\\\/\\\/www.elektro-test.ba\\\/wp-content\\\/uploads\\\/2018\\\/09\\\/41622748_353851568490665_1227437237277294592_n-1-225x300.jpg\"},{\"@type\":\"WebSite\",\"@id\":\"https:\\\/\\\/www.elektro-test.ba\\\/#website\",\"url\":\"https:\\\/\\\/www.elektro-test.ba\\\/\",\"name\":\"Elektro Test Solar d.o.o.\",\"description\":\"Stru\u010dnjaci za solarne panele i elektrane, solarno grijanje i hla\u0111enje, toplotne pumpe i off-grid rje\u0161enja u BiH. Iskoristite obnovljive izvore energije za va\u0161u ku\u0107u ili firmu!\",\"publisher\":{\"@id\":\"https:\\\/\\\/www.elektro-test.ba\\\/#organization\"},\"alternateName\":\"Elektro test solarne elektrane\",\"potentialAction\":[{\"@type\":\"SearchAction\",\"target\":{\"@type\":\"EntryPoint\",\"urlTemplate\":\"https:\\\/\\\/www.elektro-test.ba\\\/?s={search_term_string}\"},\"query-input\":{\"@type\":\"PropertyValueSpecification\",\"valueRequired\":true,\"valueName\":\"search_term_string\"}}],\"inLanguage\":\"ar\"},{\"@type\":\"Organization\",\"@id\":\"https:\\\/\\\/www.elektro-test.ba\\\/#organization\",\"name\":\"Elektro test solar d.o.o.\",\"alternateName\":\"Solarne elektrane Elektro-test solar\",\"url\":\"https:\\\/\\\/www.elektro-test.ba\\\/\",\"logo\":{\"@type\":\"ImageObject\",\"inLanguage\":\"ar\",\"@id\":\"https:\\\/\\\/www.elektro-test.ba\\\/#\\\/schema\\\/logo\\\/image\\\/\",\"url\":\"https:\\\/\\\/www.elektro-test.ba\\\/wp-content\\\/uploads\\\/2025\\\/06\\\/Logo_trans_text_vert.png\",\"contentUrl\":\"https:\\\/\\\/www.elektro-test.ba\\\/wp-content\\\/uploads\\\/2025\\\/06\\\/Logo_trans_text_vert.png\",\"width\":1641,\"height\":1038,\"caption\":\"Elektro test solar d.o.o.\"},\"image\":{\"@id\":\"https:\\\/\\\/www.elektro-test.ba\\\/#\\\/schema\\\/logo\\\/image\\\/\"},\"email\":\"nmandzic@elektro-test.ba\",\"telephone\":\"+38733430950\",\"legalName\":\"Elektro test solar d.o.o.\",\"foundingDate\":\"2002-01-01\",\"vatID\":\"4200742130006\",\"taxID\":\"200742130006\",\"numberOfEmployees\":{\"@type\":\"QuantitativeValue\",\"minValue\":\"1\",\"maxValue\":\"10\"}}]}<\/script>\n<!-- \/ Yoast SEO Premium plugin. -->","yoast_head_json":{"title":"Kontakt - Elektro Test Solar d.o.o.","description":"%","robots":{"index":"index","follow":"follow","max-snippet":"max-snippet:-1","max-image-preview":"max-image-preview:large","max-video-preview":"max-video-preview:-1"},"canonical":"https:\/\/www.elektro-test.ba\/ar\/kontakt-2\/","og_locale":"ar_AR","og_type":"article","og_title":"Kontakt","og_description":"%","og_url":"https:\/\/www.elektro-test.ba\/ar\/kontakt-2\/","og_site_name":"Elektro Test Solar d.o.o.","article_modified_time":"2022-03-26T16:20:19+00:00","og_image":[{"url":"https:\/\/www.elektro-test.ba\/wp-content\/uploads\/2018\/09\/41622748_353851568490665_1227437237277294592_n-1-225x300.jpg","type":"","width":"","height":""}],"schema":{"@context":"https:\/\/schema.org","@graph":[{"@type":"WebPage","@id":"https:\/\/www.elektro-test.ba\/kontakt-2\/","url":"https:\/\/www.elektro-test.ba\/kontakt-2\/","name":"Kontakt - Elektro Test Solar d.o.o.","isPartOf":{"@id":"https:\/\/www.elektro-test.ba\/#website"},"primaryImageOfPage":{"@id":"https:\/\/www.elektro-test.ba\/kontakt-2\/#primaryimage"},"image":{"@id":"https:\/\/www.elektro-test.ba\/kontakt-2\/#primaryimage"},"thumbnailUrl":"https:\/\/www.elektro-test.ba\/wp-content\/uploads\/2018\/09\/41622748_353851568490665_1227437237277294592_n-1-225x300.jpg","datePublished":"2018-09-14T11:11:44+00:00","dateModified":"2022-03-26T16:20:19+00:00","description":"%","inLanguage":"ar","potentialAction":[{"@type":"ReadAction","target":["https:\/\/www.elektro-test.ba\/kontakt-2\/"]}]},{"@type":"ImageObject","inLanguage":"ar","@id":"https:\/\/www.elektro-test.ba\/kontakt-2\/#primaryimage","url":"https:\/\/www.elektro-test.ba\/wp-content\/uploads\/2018\/09\/41622748_353851568490665_1227437237277294592_n-1-225x300.jpg","contentUrl":"https:\/\/www.elektro-test.ba\/wp-content\/uploads\/2018\/09\/41622748_353851568490665_1227437237277294592_n-1-225x300.jpg"},{"@type":"WebSite","@id":"https:\/\/www.elektro-test.ba\/#website","url":"https:\/\/www.elektro-test.ba\/","name":"Elektro Test Solar d.o.o.","description":"Stru\u010dnjaci za solarne panele i elektrane, solarno grijanje i hla\u0111enje, toplotne pumpe i off-grid rje\u0161enja u BiH. Iskoristite obnovljive izvore energije za va\u0161u ku\u0107u ili firmu!","publisher":{"@id":"https:\/\/www.elektro-test.ba\/#organization"},"alternateName":"Elektro test solarne elektrane","potentialAction":[{"@type":"SearchAction","target":{"@type":"EntryPoint","urlTemplate":"https:\/\/www.elektro-test.ba\/?s={search_term_string}"},"query-input":{"@type":"PropertyValueSpecification","valueRequired":true,"valueName":"search_term_string"}}],"inLanguage":"ar"},{"@type":"Organization","@id":"https:\/\/www.elektro-test.ba\/#organization","name":"Elektro test solar d.o.o.","alternateName":"Solarne elektrane Elektro-test solar","url":"https:\/\/www.elektro-test.ba\/","logo":{"@type":"ImageObject","inLanguage":"ar","@id":"https:\/\/www.elektro-test.ba\/#\/schema\/logo\/image\/","url":"https:\/\/www.elektro-test.ba\/wp-content\/uploads\/2025\/06\/Logo_trans_text_vert.png","contentUrl":"https:\/\/www.elektro-test.ba\/wp-content\/uploads\/2025\/06\/Logo_trans_text_vert.png","width":1641,"height":1038,"caption":"Elektro test solar d.o.o."},"image":{"@id":"https:\/\/www.elektro-test.ba\/#\/schema\/logo\/image\/"},"email":"nmandzic@elektro-test.ba","telephone":"+38733430950","legalName":"Elektro test solar d.o.o.","foundingDate":"2002-01-01","vatID":"4200742130006","taxID":"200742130006","numberOfEmployees":{"@type":"QuantitativeValue","minValue":"1","maxValue":"10"}}]}},"_links":{"self":[{"href":"https:\/\/www.elektro-test.ba\/ar\/wp-json\/wp\/v2\/pages\/2802","targetHints":{"allow":["GET"]}}],"collection":[{"href":"https:\/\/www.elektro-test.ba\/ar\/wp-json\/wp\/v2\/pages"}],"about":[{"href":"https:\/\/www.elektro-test.ba\/ar\/wp-json\/wp\/v2\/types\/page"}],"author":[{"embeddable":true,"href":"https:\/\/www.elektro-test.ba\/ar\/wp-json\/wp\/v2\/users\/2"}],"replies":[{"embeddable":true,"href":"https:\/\/www.elektro-test.ba\/ar\/wp-json\/wp\/v2\/comments?post=2802"}],"version-history":[{"count":28,"href":"https:\/\/www.elektro-test.ba\/ar\/wp-json\/wp\/v2\/pages\/2802\/revisions"}],"predecessor-version":[{"id":28109,"href":"https:\/\/www.elektro-test.ba\/ar\/wp-json\/wp\/v2\/pages\/2802\/revisions\/28109"}],"wp:attachment":[{"href":"https:\/\/www.elektro-test.ba\/ar\/wp-json\/wp\/v2\/media?parent=2802"}],"curies":[{"name":"wp","href":"https:\/\/api.w.org\/{rel}","templated":true}]}}