{"id":3267,"date":"2018-09-20T14:37:51","date_gmt":"2018-09-20T12:37:51","guid":{"rendered":"http:\/\/www.elektro-test.ba\/?post_type=product&#038;p=3267"},"modified":"2020-07-08T11:48:52","modified_gmt":"2020-07-08T09:48:52","slug":"solarni-panel-50-w","status":"publish","type":"product","link":"https:\/\/www.elektro-test.ba\/ar\/product\/solarni-panel-50-w\/","title":{"rendered":"\u0644\u0648\u062d \u0634\u0645\u0633\u064a 50 \u0648\u0627\u062a"},"content":{"rendered":"","protected":false},"excerpt":{"rendered":"","protected":false},"featured_media":3234,"template":"","meta":[],"product_brand":[],"product_cat":[295],"product_tag":[],"class_list":{"0":"post-3267","1":"product","2":"type-product","3":"status-publish","4":"has-post-thumbnail","6":"product_cat-solarna-oprema","8":"first","9":"onbackorder","10":"shipping-taxable","11":"product-type-simple"},"yoast_head":"<!-- This site is optimized with the Yoast SEO Premium plugin v25.3 (Yoast SEO v25.3) - https:\/\/yoast.com\/wordpress\/plugins\/seo\/ -->\n<title>Solarni panel 50 W - Elektro Test Solar d.o.o.<\/title>\n<meta name=\"robots\" content=\"index, follow, max-snippet:-1, max-image-preview:large, max-video-preview:-1\" \/>\n<link rel=\"canonical\" href=\"https:\/\/www.elektro-test.ba\/ar\/product\/solarni-panel-50-w\/\" \/>\n<meta property=\"og:locale\" content=\"ar_AR\" \/>\n<meta property=\"og:type\" content=\"article\" \/>\n<meta property=\"og:title\" content=\"Solarni panel 50 W\" \/>\n<meta property=\"og:url\" content=\"https:\/\/www.elektro-test.ba\/ar\/product\/solarni-panel-50-w\/\" \/>\n<meta property=\"og:site_name\" content=\"Elektro Test Solar d.o.o.\" \/>\n<meta property=\"article:modified_time\" content=\"2020-07-08T09:48:52+00:00\" \/>\n<meta property=\"og:image\" content=\"https:\/\/www.elektro-test.ba\/wp-content\/uploads\/2018\/09\/50-Watt-EnerSol-Solar-Panel-South-Africa-_ac.jpg\" \/>\n\t<meta property=\"og:image:width\" content=\"1800\" \/>\n\t<meta property=\"og:image:height\" content=\"1800\" \/>\n\t<meta property=\"og:image:type\" content=\"image\/jpeg\" \/>\n<script type=\"application\/ld+json\" class=\"yoast-schema-graph\">{\"@context\":\"https:\/\/schema.org\",\"@graph\":[{\"@type\":\"WebPage\",\"@id\":\"https:\/\/www.elektro-test.ba\/product\/solarni-panel-50-w\/\",\"url\":\"https:\/\/www.elektro-test.ba\/product\/solarni-panel-50-w\/\",\"name\":\"Solarni panel 50 W - Elektro Test Solar d.o.o.\",\"isPartOf\":{\"@id\":\"https:\/\/www.elektro-test.ba\/#website\"},\"primaryImageOfPage\":{\"@id\":\"https:\/\/www.elektro-test.ba\/product\/solarni-panel-50-w\/#primaryimage\"},\"image\":{\"@id\":\"https:\/\/www.elektro-test.ba\/product\/solarni-panel-50-w\/#primaryimage\"},\"thumbnailUrl\":\"https:\/\/www.elektro-test.ba\/wp-content\/uploads\/2018\/09\/50-Watt-EnerSol-Solar-Panel-South-Africa-_ac.jpg\",\"datePublished\":\"2018-09-20T12:37:51+00:00\",\"dateModified\":\"2020-07-08T09:48:52+00:00\",\"breadcrumb\":{\"@id\":\"https:\/\/www.elektro-test.ba\/product\/solarni-panel-50-w\/#breadcrumb\"},\"inLanguage\":\"ar\",\"potentialAction\":[{\"@type\":\"ReadAction\",\"target\":[\"https:\/\/www.elektro-test.ba\/product\/solarni-panel-50-w\/\"]}]},{\"@type\":\"ImageObject\",\"inLanguage\":\"ar\",\"@id\":\"https:\/\/www.elektro-test.ba\/product\/solarni-panel-50-w\/#primaryimage\",\"url\":\"https:\/\/www.elektro-test.ba\/wp-content\/uploads\/2018\/09\/50-Watt-EnerSol-Solar-Panel-South-Africa-_ac.jpg\",\"contentUrl\":\"https:\/\/www.elektro-test.ba\/wp-content\/uploads\/2018\/09\/50-Watt-EnerSol-Solar-Panel-South-Africa-_ac.jpg\",\"width\":1800,\"height\":1800},{\"@type\":\"BreadcrumbList\",\"@id\":\"https:\/\/www.elektro-test.ba\/product\/solarni-panel-50-w\/#breadcrumb\",\"itemListElement\":[{\"@type\":\"ListItem\",\"position\":1,\"name\":\"Products\",\"item\":\"https:\/\/www.elektro-test.ba\/trgovina\/\"},{\"@type\":\"ListItem\",\"position\":2,\"name\":\"Solarni panel 50 W\"}]},{\"@type\":\"WebSite\",\"@id\":\"https:\/\/www.elektro-test.ba\/#website\",\"url\":\"https:\/\/www.elektro-test.ba\/\",\"name\":\"Elektro Test Solar d.o.o.\",\"description\":\"Stru\u010dnjaci za solarne panele i elektrane, solarno grijanje i hla\u0111enje, toplotne pumpe i off-grid rje\u0161enja u BiH. Iskoristite obnovljive izvore energije za va\u0161u ku\u0107u ili firmu!\",\"publisher\":{\"@id\":\"https:\/\/www.elektro-test.ba\/#organization\"},\"alternateName\":\"Elektro test solarne elektrane\",\"potentialAction\":[{\"@type\":\"SearchAction\",\"target\":{\"@type\":\"EntryPoint\",\"urlTemplate\":\"https:\/\/www.elektro-test.ba\/?s={search_term_string}\"},\"query-input\":{\"@type\":\"PropertyValueSpecification\",\"valueRequired\":true,\"valueName\":\"search_term_string\"}}],\"inLanguage\":\"ar\"},{\"@type\":\"Organization\",\"@id\":\"https:\/\/www.elektro-test.ba\/#organization\",\"name\":\"Elektro test solar d.o.o.\",\"alternateName\":\"Solarne elektrane Elektro-test solar\",\"url\":\"https:\/\/www.elektro-test.ba\/\",\"logo\":{\"@type\":\"ImageObject\",\"inLanguage\":\"ar\",\"@id\":\"https:\/\/www.elektro-test.ba\/#\/schema\/logo\/image\/\",\"url\":\"https:\/\/www.elektro-test.ba\/wp-content\/uploads\/2025\/06\/Logo_trans_text_vert.png\",\"contentUrl\":\"https:\/\/www.elektro-test.ba\/wp-content\/uploads\/2025\/06\/Logo_trans_text_vert.png\",\"width\":1641,\"height\":1038,\"caption\":\"Elektro test solar d.o.o.\"},\"image\":{\"@id\":\"https:\/\/www.elektro-test.ba\/#\/schema\/logo\/image\/\"},\"email\":\"nmandzic@elektro-test.ba\",\"telephone\":\"+38733430950\",\"legalName\":\"Elektro test solar d.o.o.\",\"foundingDate\":\"2002-01-01\",\"vatID\":\"4200742130006\",\"taxID\":\"200742130006\",\"numberOfEmployees\":{\"@type\":\"QuantitativeValue\",\"minValue\":\"1\",\"maxValue\":\"10\"}}]}<\/script>\n<!-- \/ Yoast SEO Premium plugin. -->","yoast_head_json":{"title":"Solarni panel 50 W - Elektro Test Solar d.o.o.","robots":{"index":"index","follow":"follow","max-snippet":"max-snippet:-1","max-image-preview":"max-image-preview:large","max-video-preview":"max-video-preview:-1"},"canonical":"https:\/\/www.elektro-test.ba\/ar\/product\/solarni-panel-50-w\/","og_locale":"ar_AR","og_type":"article","og_title":"Solarni panel 50 W","og_url":"https:\/\/www.elektro-test.ba\/ar\/product\/solarni-panel-50-w\/","og_site_name":"Elektro Test Solar d.o.o.","article_modified_time":"2020-07-08T09:48:52+00:00","og_image":[{"width":1800,"height":1800,"url":"https:\/\/www.elektro-test.ba\/wp-content\/uploads\/2018\/09\/50-Watt-EnerSol-Solar-Panel-South-Africa-_ac.jpg","type":"image\/jpeg"}],"schema":{"@context":"https:\/\/schema.org","@graph":[{"@type":"WebPage","@id":"https:\/\/www.elektro-test.ba\/product\/solarni-panel-50-w\/","url":"https:\/\/www.elektro-test.ba\/product\/solarni-panel-50-w\/","name":"Solarni panel 50 W - Elektro Test Solar d.o.o.","isPartOf":{"@id":"https:\/\/www.elektro-test.ba\/#website"},"primaryImageOfPage":{"@id":"https:\/\/www.elektro-test.ba\/product\/solarni-panel-50-w\/#primaryimage"},"image":{"@id":"https:\/\/www.elektro-test.ba\/product\/solarni-panel-50-w\/#primaryimage"},"thumbnailUrl":"https:\/\/www.elektro-test.ba\/wp-content\/uploads\/2018\/09\/50-Watt-EnerSol-Solar-Panel-South-Africa-_ac.jpg","datePublished":"2018-09-20T12:37:51+00:00","dateModified":"2020-07-08T09:48:52+00:00","breadcrumb":{"@id":"https:\/\/www.elektro-test.ba\/product\/solarni-panel-50-w\/#breadcrumb"},"inLanguage":"ar","potentialAction":[{"@type":"ReadAction","target":["https:\/\/www.elektro-test.ba\/product\/solarni-panel-50-w\/"]}]},{"@type":"ImageObject","inLanguage":"ar","@id":"https:\/\/www.elektro-test.ba\/product\/solarni-panel-50-w\/#primaryimage","url":"https:\/\/www.elektro-test.ba\/wp-content\/uploads\/2018\/09\/50-Watt-EnerSol-Solar-Panel-South-Africa-_ac.jpg","contentUrl":"https:\/\/www.elektro-test.ba\/wp-content\/uploads\/2018\/09\/50-Watt-EnerSol-Solar-Panel-South-Africa-_ac.jpg","width":1800,"height":1800},{"@type":"BreadcrumbList","@id":"https:\/\/www.elektro-test.ba\/product\/solarni-panel-50-w\/#breadcrumb","itemListElement":[{"@type":"ListItem","position":1,"name":"Products","item":"https:\/\/www.elektro-test.ba\/trgovina\/"},{"@type":"ListItem","position":2,"name":"Solarni panel 50 W"}]},{"@type":"WebSite","@id":"https:\/\/www.elektro-test.ba\/#website","url":"https:\/\/www.elektro-test.ba\/","name":"Elektro Test Solar d.o.o.","description":"Stru\u010dnjaci za solarne panele i elektrane, solarno grijanje i hla\u0111enje, toplotne pumpe i off-grid rje\u0161enja u BiH. Iskoristite obnovljive izvore energije za va\u0161u ku\u0107u ili firmu!","publisher":{"@id":"https:\/\/www.elektro-test.ba\/#organization"},"alternateName":"Elektro test solarne elektrane","potentialAction":[{"@type":"SearchAction","target":{"@type":"EntryPoint","urlTemplate":"https:\/\/www.elektro-test.ba\/?s={search_term_string}"},"query-input":{"@type":"PropertyValueSpecification","valueRequired":true,"valueName":"search_term_string"}}],"inLanguage":"ar"},{"@type":"Organization","@id":"https:\/\/www.elektro-test.ba\/#organization","name":"Elektro test solar d.o.o.","alternateName":"Solarne elektrane Elektro-test solar","url":"https:\/\/www.elektro-test.ba\/","logo":{"@type":"ImageObject","inLanguage":"ar","@id":"https:\/\/www.elektro-test.ba\/#\/schema\/logo\/image\/","url":"https:\/\/www.elektro-test.ba\/wp-content\/uploads\/2025\/06\/Logo_trans_text_vert.png","contentUrl":"https:\/\/www.elektro-test.ba\/wp-content\/uploads\/2025\/06\/Logo_trans_text_vert.png","width":1641,"height":1038,"caption":"Elektro test solar d.o.o."},"image":{"@id":"https:\/\/www.elektro-test.ba\/#\/schema\/logo\/image\/"},"email":"nmandzic@elektro-test.ba","telephone":"+38733430950","legalName":"Elektro test solar d.o.o.","foundingDate":"2002-01-01","vatID":"4200742130006","taxID":"200742130006","numberOfEmployees":{"@type":"QuantitativeValue","minValue":"1","maxValue":"10"}}]}},"_links":{"self":[{"href":"https:\/\/www.elektro-test.ba\/ar\/wp-json\/wp\/v2\/product\/3267","targetHints":{"allow":["GET"]}}],"collection":[{"href":"https:\/\/www.elektro-test.ba\/ar\/wp-json\/wp\/v2\/product"}],"about":[{"href":"https:\/\/www.elektro-test.ba\/ar\/wp-json\/wp\/v2\/types\/product"}],"version-history":[{"count":1,"href":"https:\/\/www.elektro-test.ba\/ar\/wp-json\/wp\/v2\/product\/3267\/revisions"}],"predecessor-version":[{"id":3311,"href":"https:\/\/www.elektro-test.ba\/ar\/wp-json\/wp\/v2\/product\/3267\/revisions\/3311"}],"wp:featuredmedia":[{"embeddable":true,"href":"https:\/\/www.elektro-test.ba\/ar\/wp-json\/wp\/v2\/media\/3234"}],"wp:attachment":[{"href":"https:\/\/www.elektro-test.ba\/ar\/wp-json\/wp\/v2\/media?parent=3267"}],"wp:term":[{"taxonomy":"product_brand","embeddable":true,"href":"https:\/\/www.elektro-test.ba\/ar\/wp-json\/wp\/v2\/product_brand?post=3267"},{"taxonomy":"product_cat","embeddable":true,"href":"https:\/\/www.elektro-test.ba\/ar\/wp-json\/wp\/v2\/product_cat?post=3267"},{"taxonomy":"product_tag","embeddable":true,"href":"https:\/\/www.elektro-test.ba\/ar\/wp-json\/wp\/v2\/product_tag?post=3267"}],"curies":[{"name":"wp","href":"https:\/\/api.w.org\/{rel}","templated":true}]}}