{"id":28596,"date":"2022-09-23T15:37:47","date_gmt":"2022-09-23T13:37:47","guid":{"rendered":"https:\/\/www.elektro-test.ba\/?page_id=28596"},"modified":"2023-07-07T13:49:23","modified_gmt":"2023-07-07T11:49:23","slug":"solarni-kolektori-2","status":"publish","type":"page","link":"https:\/\/www.elektro-test.ba\/de\/solarni-kolektori-2\/","title":{"rendered":"Sonnenkollektoren"},"content":{"rendered":"<div data-elementor-type=\"wp-post\" data-elementor-id=\"28596\" class=\"elementor elementor-28596\">\n\t\t\t\t\t\t<section class=\"elementor-section elementor-top-section elementor-element elementor-element-6ab1640 elementor-section-boxed elementor-section-height-default elementor-section-height-default\" data-id=\"6ab1640\" data-element_type=\"section\">\n\t\t\t\t\t\t<div class=\"elementor-container elementor-column-gap-default\">\n\t\t\t\t\t<div class=\"elementor-column elementor-col-100 elementor-top-column elementor-element elementor-element-faece77\" data-id=\"faece77\" data-element_type=\"column\">\n\t\t\t<div class=\"elementor-widget-wrap elementor-element-populated\">\n\t\t\t\t\t\t<div class=\"elementor-element elementor-element-533b85e elementor-widget elementor-widget-heading\" data-id=\"533b85e\" data-element_type=\"widget\" data-widget_type=\"heading.default\">\n\t\t\t\t<div class=\"elementor-widget-container\">\n\t\t\t\t\t<h2 class=\"elementor-heading-title elementor-size-default\">Sonnenkollektoren<\/h2>\t\t\t\t<\/div>\n\t\t\t\t<\/div>\n\t\t\t\t\t<\/div>\n\t\t<\/div>\n\t\t\t\t\t<\/div>\n\t\t<\/section>\n\t\t\t\t<section class=\"elementor-section elementor-top-section elementor-element elementor-element-f01ad34 elementor-section-stretched elementor-section-full_width elementor-section-height-default elementor-section-height-default\" data-id=\"f01ad34\" data-element_type=\"section\" data-settings=\"{&quot;stretch_section&quot;:&quot;section-stretched&quot;}\">\n\t\t\t\t\t\t<div class=\"elementor-container elementor-column-gap-no\">\n\t\t\t\t\t<div class=\"elementor-column elementor-col-100 elementor-top-column elementor-element elementor-element-99f2bf3\" data-id=\"99f2bf3\" data-element_type=\"column\">\n\t\t\t<div class=\"elementor-widget-wrap elementor-element-populated\">\n\t\t\t\t\t\t<div class=\"elementor-element elementor-element-72f5b9c elementor-widget elementor-widget-image\" data-id=\"72f5b9c\" data-element_type=\"widget\" data-widget_type=\"image.default\">\n\t\t\t\t<div class=\"elementor-widget-container\">\n\t\t\t\t\t\t\t\t\t\t\t\t\t\t\t<img fetchpriority=\"high\" decoding=\"async\" width=\"1920\" height=\"500\" src=\"https:\/\/www.elektro-test.ba\/wp-content\/uploads\/2022\/09\/solarni-kolektori.jpg\" class=\"attachment-full size-full wp-image-28608\" alt=\"\" srcset=\"https:\/\/www.elektro-test.ba\/wp-content\/uploads\/2022\/09\/solarni-kolektori.jpg 1920w, https:\/\/www.elektro-test.ba\/wp-content\/uploads\/2022\/09\/solarni-kolektori-300x78.jpg 300w, https:\/\/www.elektro-test.ba\/wp-content\/uploads\/2022\/09\/solarni-kolektori-1024x267.jpg 1024w, https:\/\/www.elektro-test.ba\/wp-content\/uploads\/2022\/09\/solarni-kolektori-768x200.jpg 768w, https:\/\/www.elektro-test.ba\/wp-content\/uploads\/2022\/09\/solarni-kolektori-1536x400.jpg 1536w, https:\/\/www.elektro-test.ba\/wp-content\/uploads\/2022\/09\/solarni-kolektori-600x156.jpg 600w\" sizes=\"(max-width: 1920px) 100vw, 1920px\" \/>\t\t\t\t\t\t\t\t\t\t\t\t\t\t\t<\/div>\n\t\t\t\t<\/div>\n\t\t\t\t\t<\/div>\n\t\t<\/div>\n\t\t\t\t\t<\/div>\n\t\t<\/section>\n\t\t\t\t<section class=\"elementor-section elementor-top-section elementor-element elementor-element-fe07d2b elementor-section-boxed elementor-section-height-default elementor-section-height-default\" data-id=\"fe07d2b\" data-element_type=\"section\">\n\t\t\t\t\t\t<div class=\"elementor-container elementor-column-gap-default\">\n\t\t\t\t\t<div class=\"elementor-column elementor-col-100 elementor-top-column elementor-element elementor-element-b27c802\" data-id=\"b27c802\" data-element_type=\"column\">\n\t\t\t<div class=\"elementor-widget-wrap elementor-element-populated\">\n\t\t\t\t\t\t<div class=\"elementor-element elementor-element-b1b965f elementor-grid-3 elementor-grid-tablet-2 elementor-grid-mobile-1 elementor-posts--thumbnail-top elementor-card-shadow-yes elementor-posts__hover-gradient elementor-widget elementor-widget-posts\" data-id=\"b1b965f\" data-element_type=\"widget\" data-settings=\"{&quot;cards_columns&quot;:&quot;3&quot;,&quot;cards_columns_tablet&quot;:&quot;2&quot;,&quot;cards_columns_mobile&quot;:&quot;1&quot;,&quot;cards_row_gap&quot;:{&quot;unit&quot;:&quot;px&quot;,&quot;size&quot;:35,&quot;sizes&quot;:[]},&quot;cards_row_gap_tablet&quot;:{&quot;unit&quot;:&quot;px&quot;,&quot;size&quot;:&quot;&quot;,&quot;sizes&quot;:[]},&quot;cards_row_gap_mobile&quot;:{&quot;unit&quot;:&quot;px&quot;,&quot;size&quot;:&quot;&quot;,&quot;sizes&quot;:[]}}\" data-widget_type=\"posts.cards\">\n\t\t\t\t<div class=\"elementor-widget-container\">\n\t\t\t\t\t\t\t<div class=\"elementor-posts-container elementor-posts elementor-posts--skin-cards elementor-grid\">\n\t\t\t\t<article class=\"elementor-post elementor-grid-item post-31092 post type-post status-publish format-aside has-post-thumbnail hentry category-solarni-kolektor post_format-post-format-aside\">\n\t\t\t<div class=\"elementor-post__card\">\n\t\t\t\t<a class=\"elementor-post__thumbnail__link\" href=\"https:\/\/www.elektro-test.ba\/de\/solarni-kolektor\/wunder-clsf\/\" ><div class=\"elementor-post__thumbnail\"><img decoding=\"async\" width=\"300\" height=\"300\" src=\"https:\/\/www.elektro-test.ba\/wp-content\/uploads\/2022\/09\/wunder-clsf-300x300.jpg\" class=\"attachment-medium size-medium wp-image-31657\" alt=\"\" srcset=\"https:\/\/www.elektro-test.ba\/wp-content\/uploads\/2022\/09\/wunder-clsf-300x300.jpg 300w, https:\/\/www.elektro-test.ba\/wp-content\/uploads\/2022\/09\/wunder-clsf-150x150.jpg 150w, https:\/\/www.elektro-test.ba\/wp-content\/uploads\/2022\/09\/wunder-clsf-100x100.jpg 100w, https:\/\/www.elektro-test.ba\/wp-content\/uploads\/2022\/09\/wunder-clsf.jpg 499w\" sizes=\"(max-width: 300px) 100vw, 300px\" \/><\/div><\/a>\n\t\t\t\t<div class=\"elementor-post__text\">\n\t\t\t\t<h3 class=\"elementor-post__title\">\n\t\t\t<a href=\"https:\/\/www.elektro-test.ba\/de\/solarni-kolektor\/wunder-clsf\/\" >\n\t\t\t\tCLSF\t\t\t<\/a>\n\t\t<\/h3>\n\t\t\t\t<div class=\"elementor-post__excerpt\">\n\t\t\t<p>Solarkollektor CLSF TECHNISCHE DATEN PRODUKTCODE SPEZIFIKATIONEN Wunder CLSF 2510 MA-0099 Wunder CLSF 2108 MA-0091 Wunder CLSF 1808 MA-0077 TECHNISCHE DATEN Abmessungen (mm) 1988x1218x90<\/p>\n\t\t<\/div>\n\t\t\n\t\t<a class=\"elementor-post__read-more\" href=\"https:\/\/www.elektro-test.ba\/de\/solarni-kolektor\/wunder-clsf\/\" >\n\t\t\tSicht &quot;\t\t<\/a>\n\n\t\t\t\t<\/div>\n\t\t\t\t\t<\/div>\n\t\t<\/article>\n\t\t\t\t<article class=\"elementor-post elementor-grid-item post-30587 post type-post status-publish format-aside has-post-thumbnail hentry category-solarni-kolektor post_format-post-format-aside\">\n\t\t\t<div class=\"elementor-post__card\">\n\t\t\t\t<a class=\"elementor-post__thumbnail__link\" href=\"https:\/\/www.elektro-test.ba\/de\/solarni-kolektor\/wunder-cls-meander\/\" ><div class=\"elementor-post__thumbnail\"><img decoding=\"async\" width=\"300\" height=\"300\" src=\"https:\/\/www.elektro-test.ba\/wp-content\/uploads\/2022\/09\/wunder-cls-meander-300x300.jpg\" class=\"attachment-medium size-medium wp-image-31628\" alt=\"\" srcset=\"https:\/\/www.elektro-test.ba\/wp-content\/uploads\/2022\/09\/wunder-cls-meander-300x300.jpg 300w, https:\/\/www.elektro-test.ba\/wp-content\/uploads\/2022\/09\/wunder-cls-meander-150x150.jpg 150w, https:\/\/www.elektro-test.ba\/wp-content\/uploads\/2022\/09\/wunder-cls-meander-100x100.jpg 100w, https:\/\/www.elektro-test.ba\/wp-content\/uploads\/2022\/09\/wunder-cls-meander.jpg 499w\" sizes=\"(max-width: 300px) 100vw, 300px\" \/><\/div><\/a>\n\t\t\t\t<div class=\"elementor-post__text\">\n\t\t\t\t<h3 class=\"elementor-post__title\">\n\t\t\t<a href=\"https:\/\/www.elektro-test.ba\/de\/solarni-kolektor\/wunder-cls-meander\/\" >\n\t\t\t\tCLS M\u00e4ander\t\t\t<\/a>\n\t\t<\/h3>\n\t\t\t\t<div class=\"elementor-post__excerpt\">\n\t\t\t<p>Solarkollektor CLS Meander TECHNISCHE SPEZIFIKATIONEN PRODUKTCODE SPEZIFIKATIONEN Wunder CLS 2510 Drain MA-0399 Wunder CLS 2108 Drain MA-0139 TECHNISCHE DATEN Abmessungen (mm) 1988x1218x90 1988x1041x90<\/p>\n\t\t<\/div>\n\t\t\n\t\t<a class=\"elementor-post__read-more\" href=\"https:\/\/www.elektro-test.ba\/de\/solarni-kolektor\/wunder-cls-meander\/\" >\n\t\t\tSicht &quot;\t\t<\/a>\n\n\t\t\t\t<\/div>\n\t\t\t\t\t<\/div>\n\t\t<\/article>\n\t\t\t\t<article class=\"elementor-post elementor-grid-item post-30082 post type-post status-publish format-aside has-post-thumbnail hentry category-solarni-kolektor post_format-post-format-aside\">\n\t\t\t<div class=\"elementor-post__card\">\n\t\t\t\t<a class=\"elementor-post__thumbnail__link\" href=\"https:\/\/www.elektro-test.ba\/de\/solarni-kolektor\/wunder-cls-horizontal\/\" ><div class=\"elementor-post__thumbnail\"><img loading=\"lazy\" decoding=\"async\" width=\"300\" height=\"300\" src=\"https:\/\/www.elektro-test.ba\/wp-content\/uploads\/2022\/09\/wunder-cls-horizantel-300x300.jpg\" class=\"attachment-medium size-medium wp-image-31624\" alt=\"\" srcset=\"https:\/\/www.elektro-test.ba\/wp-content\/uploads\/2022\/09\/wunder-cls-horizantel-300x300.jpg 300w, https:\/\/www.elektro-test.ba\/wp-content\/uploads\/2022\/09\/wunder-cls-horizantel-150x150.jpg 150w, https:\/\/www.elektro-test.ba\/wp-content\/uploads\/2022\/09\/wunder-cls-horizantel-100x100.jpg 100w, https:\/\/www.elektro-test.ba\/wp-content\/uploads\/2022\/09\/wunder-cls-horizantel.jpg 499w\" sizes=\"(max-width: 300px) 100vw, 300px\" \/><\/div><\/a>\n\t\t\t\t<div class=\"elementor-post__text\">\n\t\t\t\t<h3 class=\"elementor-post__title\">\n\t\t\t<a href=\"https:\/\/www.elektro-test.ba\/de\/solarni-kolektor\/wunder-cls-horizontal\/\" >\n\t\t\t\tCLS Horizontal\t\t\t<\/a>\n\t\t<\/h3>\n\t\t\t\t<div class=\"elementor-post__excerpt\">\n\t\t\t<p>Solarkollektor CLS Horizontal TECHNISCHE SPEZIFIKATIONEN PRODUKTCODE SPEZIFIKATIONEN Wunder CLS 2510 Horizontal MA-0105 Wunder CLS 2108 Horizontal MA-0096 TECHNISCHE DATEN Abmessungen (mm) 1218x1988x90 1041x1988x90<\/p>\n\t\t<\/div>\n\t\t\n\t\t<a class=\"elementor-post__read-more\" href=\"https:\/\/www.elektro-test.ba\/de\/solarni-kolektor\/wunder-cls-horizontal\/\" >\n\t\t\tSicht &quot;\t\t<\/a>\n\n\t\t\t\t<\/div>\n\t\t\t\t\t<\/div>\n\t\t<\/article>\n\t\t\t\t<article class=\"elementor-post elementor-grid-item post-29577 post type-post status-publish format-aside has-post-thumbnail hentry category-solarni-kolektor post_format-post-format-aside\">\n\t\t\t<div class=\"elementor-post__card\">\n\t\t\t\t<a class=\"elementor-post__thumbnail__link\" href=\"https:\/\/www.elektro-test.ba\/de\/solarni-kolektor\/wunder-ansg\/\" ><div class=\"elementor-post__thumbnail\"><img loading=\"lazy\" decoding=\"async\" width=\"300\" height=\"300\" src=\"https:\/\/www.elektro-test.ba\/wp-content\/uploads\/2022\/09\/wunder-ansg-300x300.jpg\" class=\"attachment-medium size-medium wp-image-31620\" alt=\"\" srcset=\"https:\/\/www.elektro-test.ba\/wp-content\/uploads\/2022\/09\/wunder-ansg-300x300.jpg 300w, https:\/\/www.elektro-test.ba\/wp-content\/uploads\/2022\/09\/wunder-ansg-150x150.jpg 150w, https:\/\/www.elektro-test.ba\/wp-content\/uploads\/2022\/09\/wunder-ansg-100x100.jpg 100w, https:\/\/www.elektro-test.ba\/wp-content\/uploads\/2022\/09\/wunder-ansg.jpg 499w\" sizes=\"(max-width: 300px) 100vw, 300px\" \/><\/div><\/a>\n\t\t\t\t<div class=\"elementor-post__text\">\n\t\t\t\t<h3 class=\"elementor-post__title\">\n\t\t\t<a href=\"https:\/\/www.elektro-test.ba\/de\/solarni-kolektor\/wunder-ansg\/\" >\n\t\t\t\tANSG\t\t\t<\/a>\n\t\t<\/h3>\n\t\t\t\t<div class=\"elementor-post__excerpt\">\n\t\t\t<p>Sonnenkollektor ANSG TECHNISCHE SPEZIFIKATIONEN PRODUKTCODE SPEZIFIKATIONEN ANSG 2510 \/ MA-0053 ANSG 2108 \/ MA-0049 ANSG 1808 \/ MA-0045 TECHNISCHE DATEN Abmessungen (mm) 1988x1218x90<\/p>\n\t\t<\/div>\n\t\t\n\t\t<a class=\"elementor-post__read-more\" href=\"https:\/\/www.elektro-test.ba\/de\/solarni-kolektor\/wunder-ansg\/\" >\n\t\t\tSicht &quot;\t\t<\/a>\n\n\t\t\t\t<\/div>\n\t\t\t\t\t<\/div>\n\t\t<\/article>\n\t\t\t\t<article class=\"elementor-post elementor-grid-item post-29072 post type-post status-publish format-aside has-post-thumbnail hentry category-solarni-kolektor post_format-post-format-aside\">\n\t\t\t<div class=\"elementor-post__card\">\n\t\t\t\t<a class=\"elementor-post__thumbnail__link\" href=\"https:\/\/www.elektro-test.ba\/de\/solarni-kolektor\/wunder-anp\/\" ><div class=\"elementor-post__thumbnail\"><img loading=\"lazy\" decoding=\"async\" width=\"300\" height=\"300\" src=\"https:\/\/www.elektro-test.ba\/wp-content\/uploads\/2022\/09\/wunder-anp-300x300.jpg\" class=\"attachment-medium size-medium wp-image-31616\" alt=\"\" srcset=\"https:\/\/www.elektro-test.ba\/wp-content\/uploads\/2022\/09\/wunder-anp-300x300.jpg 300w, https:\/\/www.elektro-test.ba\/wp-content\/uploads\/2022\/09\/wunder-anp-150x150.jpg 150w, https:\/\/www.elektro-test.ba\/wp-content\/uploads\/2022\/09\/wunder-anp-100x100.jpg 100w, https:\/\/www.elektro-test.ba\/wp-content\/uploads\/2022\/09\/wunder-anp.jpg 499w\" sizes=\"(max-width: 300px) 100vw, 300px\" \/><\/div><\/a>\n\t\t\t\t<div class=\"elementor-post__text\">\n\t\t\t\t<h3 class=\"elementor-post__title\">\n\t\t\t<a href=\"https:\/\/www.elektro-test.ba\/de\/solarni-kolektor\/wunder-anp\/\" >\n\t\t\t\tANP\t\t\t<\/a>\n\t\t<\/h3>\n\t\t\t\t<div class=\"elementor-post__excerpt\">\n\t\t\t<p>Solarkollektor ANP TECHNISCHE SPEZIFIKATIONEN PRODUKTCODE Miracle ANP 2510 MA-0023 Miracle ANP 2108 MA-0020 Miracle ANP 1808 MA-0015 Abmessungen (mm) 1988x1218x90 1988x1041x90 1927x927x90 Geh\u00e4use<\/p>\n\t\t<\/div>\n\t\t\n\t\t<a class=\"elementor-post__read-more\" href=\"https:\/\/www.elektro-test.ba\/de\/solarni-kolektor\/wunder-anp\/\" >\n\t\t\tSicht &quot;\t\t<\/a>\n\n\t\t\t\t<\/div>\n\t\t\t\t\t<\/div>\n\t\t<\/article>\n\t\t\t\t<article class=\"elementor-post elementor-grid-item post-28818 post type-post status-publish format-aside has-post-thumbnail hentry category-solarni-kolektor post_format-post-format-aside\">\n\t\t\t<div class=\"elementor-post__card\">\n\t\t\t\t<a class=\"elementor-post__thumbnail__link\" href=\"https:\/\/www.elektro-test.ba\/de\/solarni-kolektor\/wunder-als-meander\/\" ><div class=\"elementor-post__thumbnail\"><img loading=\"lazy\" decoding=\"async\" width=\"300\" height=\"300\" src=\"https:\/\/www.elektro-test.ba\/wp-content\/uploads\/2022\/09\/wunder-als-meander-300x300.jpg\" class=\"attachment-medium size-medium wp-image-31609\" alt=\"\" srcset=\"https:\/\/www.elektro-test.ba\/wp-content\/uploads\/2022\/09\/wunder-als-meander-300x300.jpg 300w, https:\/\/www.elektro-test.ba\/wp-content\/uploads\/2022\/09\/wunder-als-meander-150x150.jpg 150w, https:\/\/www.elektro-test.ba\/wp-content\/uploads\/2022\/09\/wunder-als-meander-100x100.jpg 100w, https:\/\/www.elektro-test.ba\/wp-content\/uploads\/2022\/09\/wunder-als-meander.jpg 499w\" sizes=\"(max-width: 300px) 100vw, 300px\" \/><\/div><\/a>\n\t\t\t\t<div class=\"elementor-post__text\">\n\t\t\t\t<h3 class=\"elementor-post__title\">\n\t\t\t<a href=\"https:\/\/www.elektro-test.ba\/de\/solarni-kolektor\/wunder-als-meander\/\" >\n\t\t\t\tALS M\u00e4ander\t\t\t<\/a>\n\t\t<\/h3>\n\t\t\t\t<div class=\"elementor-post__excerpt\">\n\t\t\t<p>Solarkollektor ALS Meander TECHNISCHE SPEZIFIKATIONEN PRODUKTCODE SPEZIFIKATIONEN Miracle ALS Meander 2510 MA-0044 Miracle ALS Meander 2108 MA-0038 TECHNISCHE DATEN Abmessungen (mm) 1988x1218x90 1988x1041x90<\/p>\n\t\t<\/div>\n\t\t\n\t\t<a class=\"elementor-post__read-more\" href=\"https:\/\/www.elektro-test.ba\/de\/solarni-kolektor\/wunder-als-meander\/\" >\n\t\t\tSicht &quot;\t\t<\/a>\n\n\t\t\t\t<\/div>\n\t\t\t\t\t<\/div>\n\t\t<\/article>\n\t\t\t\t<\/div>\n\n\n\t\t\n\t\t\t\t\t\t<\/div>\n\t\t\t\t<\/div>\n\t\t\t\t\t<\/div>\n\t\t<\/div>\n\t\t\t\t\t<\/div>\n\t\t<\/section>\n\t\t\t\t<\/div>","protected":false},"excerpt":{"rendered":"<p>Sonnenkollektoren<\/p>","protected":false},"author":2,"featured_media":0,"parent":0,"menu_order":0,"comment_status":"closed","ping_status":"closed","template":"elementor_header_footer","meta":{"footnotes":""},"class_list":["post-28596","page","type-page","status-publish","hentry"],"yoast_head":"<!-- This site is optimized with the Yoast SEO Premium plugin v25.3 (Yoast SEO v27.4) - https:\/\/yoast.com\/product\/yoast-seo-premium-wordpress\/ -->\n<title>Solarni kolektori - Elektro Test Solar d.o.o.<\/title>\n<meta name=\"description\" content=\"%\" \/>\n<meta name=\"robots\" content=\"index, follow, max-snippet:-1, max-image-preview:large, max-video-preview:-1\" \/>\n<link rel=\"canonical\" href=\"https:\/\/www.elektro-test.ba\/de\/solarni-kolektori-2\/\" \/>\n<meta property=\"og:locale\" content=\"de_DE\" \/>\n<meta property=\"og:type\" content=\"article\" \/>\n<meta property=\"og:title\" content=\"Solarni kolektori\" \/>\n<meta property=\"og:description\" content=\"%\" \/>\n<meta property=\"og:url\" content=\"https:\/\/www.elektro-test.ba\/de\/solarni-kolektori-2\/\" \/>\n<meta property=\"og:site_name\" content=\"Elektro Test Solar d.o.o.\" \/>\n<meta property=\"article:modified_time\" content=\"2023-07-07T11:49:23+00:00\" \/>\n<meta property=\"og:image\" content=\"https:\/\/www.elektro-test.ba\/wp-content\/uploads\/2022\/09\/solarni-kolektori.jpg\" \/>\n<meta name=\"twitter:label1\" content=\"Gesch\u00e4tzte Lesezeit\" \/>\n\t<meta name=\"twitter:data1\" content=\"3\u00a0Minuten\" \/>\n<script type=\"application\/ld+json\" class=\"yoast-schema-graph\">{\"@context\":\"https:\\\/\\\/schema.org\",\"@graph\":[{\"@type\":\"WebPage\",\"@id\":\"https:\\\/\\\/www.elektro-test.ba\\\/solarni-kolektori-2\\\/\",\"url\":\"https:\\\/\\\/www.elektro-test.ba\\\/solarni-kolektori-2\\\/\",\"name\":\"Solarni kolektori - Elektro Test Solar d.o.o.\",\"isPartOf\":{\"@id\":\"https:\\\/\\\/www.elektro-test.ba\\\/#website\"},\"primaryImageOfPage\":{\"@id\":\"https:\\\/\\\/www.elektro-test.ba\\\/solarni-kolektori-2\\\/#primaryimage\"},\"image\":{\"@id\":\"https:\\\/\\\/www.elektro-test.ba\\\/solarni-kolektori-2\\\/#primaryimage\"},\"thumbnailUrl\":\"https:\\\/\\\/www.elektro-test.ba\\\/wp-content\\\/uploads\\\/2022\\\/09\\\/solarni-kolektori.jpg\",\"datePublished\":\"2022-09-23T13:37:47+00:00\",\"dateModified\":\"2023-07-07T11:49:23+00:00\",\"description\":\"%\",\"inLanguage\":\"de\",\"potentialAction\":[{\"@type\":\"ReadAction\",\"target\":[\"https:\\\/\\\/www.elektro-test.ba\\\/solarni-kolektori-2\\\/\"]}]},{\"@type\":\"ImageObject\",\"inLanguage\":\"de\",\"@id\":\"https:\\\/\\\/www.elektro-test.ba\\\/solarni-kolektori-2\\\/#primaryimage\",\"url\":\"https:\\\/\\\/www.elektro-test.ba\\\/wp-content\\\/uploads\\\/2022\\\/09\\\/solarni-kolektori.jpg\",\"contentUrl\":\"https:\\\/\\\/www.elektro-test.ba\\\/wp-content\\\/uploads\\\/2022\\\/09\\\/solarni-kolektori.jpg\"},{\"@type\":\"WebSite\",\"@id\":\"https:\\\/\\\/www.elektro-test.ba\\\/#website\",\"url\":\"https:\\\/\\\/www.elektro-test.ba\\\/\",\"name\":\"Elektro Test Solar d.o.o.\",\"description\":\"Stru\u010dnjaci za solarne panele i elektrane, solarno grijanje i hla\u0111enje, toplotne pumpe i off-grid rje\u0161enja u BiH. Iskoristite obnovljive izvore energije za va\u0161u ku\u0107u ili firmu!\",\"publisher\":{\"@id\":\"https:\\\/\\\/www.elektro-test.ba\\\/#organization\"},\"alternateName\":\"Elektro test solarne elektrane\",\"potentialAction\":[{\"@type\":\"SearchAction\",\"target\":{\"@type\":\"EntryPoint\",\"urlTemplate\":\"https:\\\/\\\/www.elektro-test.ba\\\/?s={search_term_string}\"},\"query-input\":{\"@type\":\"PropertyValueSpecification\",\"valueRequired\":true,\"valueName\":\"search_term_string\"}}],\"inLanguage\":\"de\"},{\"@type\":\"Organization\",\"@id\":\"https:\\\/\\\/www.elektro-test.ba\\\/#organization\",\"name\":\"Elektro test solar d.o.o.\",\"alternateName\":\"Solarne elektrane Elektro-test solar\",\"url\":\"https:\\\/\\\/www.elektro-test.ba\\\/\",\"logo\":{\"@type\":\"ImageObject\",\"inLanguage\":\"de\",\"@id\":\"https:\\\/\\\/www.elektro-test.ba\\\/#\\\/schema\\\/logo\\\/image\\\/\",\"url\":\"https:\\\/\\\/www.elektro-test.ba\\\/wp-content\\\/uploads\\\/2025\\\/06\\\/Logo_trans_text_vert.png\",\"contentUrl\":\"https:\\\/\\\/www.elektro-test.ba\\\/wp-content\\\/uploads\\\/2025\\\/06\\\/Logo_trans_text_vert.png\",\"width\":1641,\"height\":1038,\"caption\":\"Elektro test solar d.o.o.\"},\"image\":{\"@id\":\"https:\\\/\\\/www.elektro-test.ba\\\/#\\\/schema\\\/logo\\\/image\\\/\"},\"email\":\"nmandzic@elektro-test.ba\",\"telephone\":\"+38733430950\",\"legalName\":\"Elektro test solar d.o.o.\",\"foundingDate\":\"2002-01-01\",\"vatID\":\"4200742130006\",\"taxID\":\"200742130006\",\"numberOfEmployees\":{\"@type\":\"QuantitativeValue\",\"minValue\":\"1\",\"maxValue\":\"10\"}}]}<\/script>\n<!-- \/ Yoast SEO Premium plugin. -->","yoast_head_json":{"title":"Solarni kolektori - Elektro Test Solar d.o.o.","description":"%","robots":{"index":"index","follow":"follow","max-snippet":"max-snippet:-1","max-image-preview":"max-image-preview:large","max-video-preview":"max-video-preview:-1"},"canonical":"https:\/\/www.elektro-test.ba\/de\/solarni-kolektori-2\/","og_locale":"de_DE","og_type":"article","og_title":"Solarni kolektori","og_description":"%","og_url":"https:\/\/www.elektro-test.ba\/de\/solarni-kolektori-2\/","og_site_name":"Elektro Test Solar d.o.o.","article_modified_time":"2023-07-07T11:49:23+00:00","og_image":[{"url":"https:\/\/www.elektro-test.ba\/wp-content\/uploads\/2022\/09\/solarni-kolektori.jpg","type":"","width":"","height":""}],"twitter_misc":{"Gesch\u00e4tzte Lesezeit":"3\u00a0Minuten"},"schema":{"@context":"https:\/\/schema.org","@graph":[{"@type":"WebPage","@id":"https:\/\/www.elektro-test.ba\/solarni-kolektori-2\/","url":"https:\/\/www.elektro-test.ba\/solarni-kolektori-2\/","name":"Solarni kolektori - Elektro Test Solar d.o.o.","isPartOf":{"@id":"https:\/\/www.elektro-test.ba\/#website"},"primaryImageOfPage":{"@id":"https:\/\/www.elektro-test.ba\/solarni-kolektori-2\/#primaryimage"},"image":{"@id":"https:\/\/www.elektro-test.ba\/solarni-kolektori-2\/#primaryimage"},"thumbnailUrl":"https:\/\/www.elektro-test.ba\/wp-content\/uploads\/2022\/09\/solarni-kolektori.jpg","datePublished":"2022-09-23T13:37:47+00:00","dateModified":"2023-07-07T11:49:23+00:00","description":"%","inLanguage":"de","potentialAction":[{"@type":"ReadAction","target":["https:\/\/www.elektro-test.ba\/solarni-kolektori-2\/"]}]},{"@type":"ImageObject","inLanguage":"de","@id":"https:\/\/www.elektro-test.ba\/solarni-kolektori-2\/#primaryimage","url":"https:\/\/www.elektro-test.ba\/wp-content\/uploads\/2022\/09\/solarni-kolektori.jpg","contentUrl":"https:\/\/www.elektro-test.ba\/wp-content\/uploads\/2022\/09\/solarni-kolektori.jpg"},{"@type":"WebSite","@id":"https:\/\/www.elektro-test.ba\/#website","url":"https:\/\/www.elektro-test.ba\/","name":"Elektro Test Solar d.o.o.","description":"Stru\u010dnjaci za solarne panele i elektrane, solarno grijanje i hla\u0111enje, toplotne pumpe i off-grid rje\u0161enja u BiH. Iskoristite obnovljive izvore energije za va\u0161u ku\u0107u ili firmu!","publisher":{"@id":"https:\/\/www.elektro-test.ba\/#organization"},"alternateName":"Elektro test solarne elektrane","potentialAction":[{"@type":"SearchAction","target":{"@type":"EntryPoint","urlTemplate":"https:\/\/www.elektro-test.ba\/?s={search_term_string}"},"query-input":{"@type":"PropertyValueSpecification","valueRequired":true,"valueName":"search_term_string"}}],"inLanguage":"de"},{"@type":"Organization","@id":"https:\/\/www.elektro-test.ba\/#organization","name":"Elektro test solar d.o.o.","alternateName":"Solarne elektrane Elektro-test solar","url":"https:\/\/www.elektro-test.ba\/","logo":{"@type":"ImageObject","inLanguage":"de","@id":"https:\/\/www.elektro-test.ba\/#\/schema\/logo\/image\/","url":"https:\/\/www.elektro-test.ba\/wp-content\/uploads\/2025\/06\/Logo_trans_text_vert.png","contentUrl":"https:\/\/www.elektro-test.ba\/wp-content\/uploads\/2025\/06\/Logo_trans_text_vert.png","width":1641,"height":1038,"caption":"Elektro test solar d.o.o."},"image":{"@id":"https:\/\/www.elektro-test.ba\/#\/schema\/logo\/image\/"},"email":"nmandzic@elektro-test.ba","telephone":"+38733430950","legalName":"Elektro test solar d.o.o.","foundingDate":"2002-01-01","vatID":"4200742130006","taxID":"200742130006","numberOfEmployees":{"@type":"QuantitativeValue","minValue":"1","maxValue":"10"}}]}},"_links":{"self":[{"href":"https:\/\/www.elektro-test.ba\/de\/wp-json\/wp\/v2\/pages\/28596","targetHints":{"allow":["GET"]}}],"collection":[{"href":"https:\/\/www.elektro-test.ba\/de\/wp-json\/wp\/v2\/pages"}],"about":[{"href":"https:\/\/www.elektro-test.ba\/de\/wp-json\/wp\/v2\/types\/page"}],"author":[{"embeddable":true,"href":"https:\/\/www.elektro-test.ba\/de\/wp-json\/wp\/v2\/users\/2"}],"replies":[{"embeddable":true,"href":"https:\/\/www.elektro-test.ba\/de\/wp-json\/wp\/v2\/comments?post=28596"}],"version-history":[{"count":16,"href":"https:\/\/www.elektro-test.ba\/de\/wp-json\/wp\/v2\/pages\/28596\/revisions"}],"predecessor-version":[{"id":32024,"href":"https:\/\/www.elektro-test.ba\/de\/wp-json\/wp\/v2\/pages\/28596\/revisions\/32024"}],"wp:attachment":[{"href":"https:\/\/www.elektro-test.ba\/de\/wp-json\/wp\/v2\/media?parent=28596"}],"curies":[{"name":"wp","href":"https:\/\/api.w.org\/{rel}","templated":true}]}}