{"id":2956,"date":"2018-09-15T12:41:14","date_gmt":"2018-09-15T10:41:14","guid":{"rendered":"http:\/\/www.elektro-test.ba\/?page_id=2956"},"modified":"2023-07-07T02:28:30","modified_gmt":"2023-07-07T00:28:30","slug":"ispitivanje","status":"publish","type":"page","link":"https:\/\/www.elektro-test.ba\/de\/ispitivanje\/","title":{"rendered":"Untersuchung"},"content":{"rendered":"<div data-elementor-type=\"wp-post\" data-elementor-id=\"2956\" class=\"elementor elementor-2956\">\n\t\t\t\t\t\t<section class=\"elementor-section elementor-top-section elementor-element elementor-element-344e84e2 elementor-section-content-middle elementor-section-stretched elementor-section-full_width elementor-section-height-default elementor-section-height-default\" data-id=\"344e84e2\" data-element_type=\"section\" data-settings=\"{&quot;background_background&quot;:&quot;classic&quot;,&quot;stretch_section&quot;:&quot;section-stretched&quot;}\">\n\t\t\t\t\t\t<div class=\"elementor-container elementor-column-gap-no\">\n\t\t\t\t\t<div class=\"elementor-column elementor-col-100 elementor-top-column elementor-element elementor-element-1d6bf4f\" data-id=\"1d6bf4f\" data-element_type=\"column\">\n\t\t\t<div class=\"elementor-widget-wrap elementor-element-populated\">\n\t\t\t\t\t\t<div class=\"elementor-element elementor-element-5ee9e015 elementor-widget__width-initial elementor-widget elementor-widget-image\" data-id=\"5ee9e015\" data-element_type=\"widget\" data-widget_type=\"image.default\">\n\t\t\t\t<div class=\"elementor-widget-container\">\n\t\t\t\t\t\t\t\t\t\t\t\t\t\t\t<img fetchpriority=\"high\" decoding=\"async\" width=\"1920\" height=\"1080\" src=\"https:\/\/www.elektro-test.ba\/wp-content\/uploads\/2018\/09\/wire-1098059_1920.jpg\" class=\"attachment-full size-full wp-image-3094\" alt=\"\" srcset=\"https:\/\/www.elektro-test.ba\/wp-content\/uploads\/2018\/09\/wire-1098059_1920.jpg 1920w, https:\/\/www.elektro-test.ba\/wp-content\/uploads\/2018\/09\/wire-1098059_1920-600x338.jpg 600w, https:\/\/www.elektro-test.ba\/wp-content\/uploads\/2018\/09\/wire-1098059_1920-300x169.jpg 300w, https:\/\/www.elektro-test.ba\/wp-content\/uploads\/2018\/09\/wire-1098059_1920-768x432.jpg 768w, https:\/\/www.elektro-test.ba\/wp-content\/uploads\/2018\/09\/wire-1098059_1920-1024x576.jpg 1024w\" sizes=\"(max-width: 1920px) 100vw, 1920px\" \/>\t\t\t\t\t\t\t\t\t\t\t\t\t\t\t<\/div>\n\t\t\t\t<\/div>\n\t\t\t\t<div class=\"elementor-element elementor-element-4a6e18af elementor-widget elementor-widget-heading\" data-id=\"4a6e18af\" data-element_type=\"widget\" data-widget_type=\"heading.default\">\n\t\t\t\t<div class=\"elementor-widget-container\">\n\t\t\t\t\t<h3 class=\"elementor-heading-title elementor-size-default\">PR\u00dcFUNG ELEKTRISCHER ANLAGEN <\/h3>\t\t\t\t<\/div>\n\t\t\t\t<\/div>\n\t\t\t\t<div class=\"elementor-element elementor-element-25ae22b0 elementor-widget elementor-widget-text-editor\" data-id=\"25ae22b0\" data-element_type=\"widget\" data-widget_type=\"text-editor.default\">\n\t\t\t\t<div class=\"elementor-widget-container\">\n\t\t\t\t\t\t\t\t\t<p style=\"text-align: left;\">Wir f\u00fchren Pr\u00fcfungen von Elektroinstallationen in Wohn-, Gewerbe- und \u00f6ffentlichen Geb\u00e4uden durch.<\/p><ul><li style=\"text-align: left;\">Planung elektrischer Anlagen<\/li><li style=\"text-align: left;\">Entwurf von Transformatorstationen mit Spannungsebenen von 10 kV bis 35 kV<\/li><li style=\"text-align: left;\">Planung von Windparks von 10 kW bis 50.000 kW<\/li><li style=\"text-align: left;\">Planung von Mini-Wasserkraftwerken von 5 kW bis 5000 kW<\/li><\/ul>\t\t\t\t\t\t\t\t<\/div>\n\t\t\t\t<\/div>\n\t\t\t\t\t<\/div>\n\t\t<\/div>\n\t\t\t\t\t<\/div>\n\t\t<\/section>\n\t\t\t\t<\/div>","protected":false},"excerpt":{"rendered":"<p>PR\u00dcFUNG ELEKTRISCHER INSTALLATIONEN Wir f\u00fchren Pr\u00fcfungen elektrischer Anlagen in Wohn-, Gewerbe- und \u00f6ffentlichen Geb\u00e4uden durch. Entwurf elektrischer Anlagen Entwurf von Transformatorstationen mit einer Spannungsebene von 10 kV bis 35 kV Entwurf von Windparks von 10 kW bis 50.000 kW Entwurf von Mini-Wasserkraftwerken von 5 kW bis 5.000 kW<\/p>","protected":false},"author":2,"featured_media":0,"parent":0,"menu_order":0,"comment_status":"closed","ping_status":"closed","template":"elementor_header_footer","meta":{"footnotes":""},"class_list":["post-2956","page","type-page","status-publish","hentry"],"yoast_head":"<!-- This site is optimized with the Yoast SEO Premium plugin v25.3 (Yoast SEO v27.4) - https:\/\/yoast.com\/product\/yoast-seo-premium-wordpress\/ -->\n<title>Ispitivanje - Elektro Test Solar d.o.o.<\/title>\n<meta name=\"description\" content=\"%\" \/>\n<meta name=\"robots\" content=\"index, follow, max-snippet:-1, max-image-preview:large, max-video-preview:-1\" \/>\n<link rel=\"canonical\" href=\"https:\/\/www.elektro-test.ba\/de\/ispitivanje\/\" \/>\n<meta property=\"og:locale\" content=\"de_DE\" \/>\n<meta property=\"og:type\" content=\"article\" \/>\n<meta property=\"og:title\" content=\"Ispitivanje\" \/>\n<meta property=\"og:description\" content=\"%\" \/>\n<meta property=\"og:url\" content=\"https:\/\/www.elektro-test.ba\/de\/ispitivanje\/\" \/>\n<meta property=\"og:site_name\" content=\"Elektro Test Solar d.o.o.\" \/>\n<meta property=\"article:modified_time\" content=\"2023-07-07T00:28:30+00:00\" \/>\n<meta property=\"og:image\" content=\"https:\/\/www.elektro-test.ba\/wp-content\/uploads\/2018\/09\/wire-1098059_1920.jpg\" \/>\n<meta name=\"twitter:label1\" content=\"Gesch\u00e4tzte Lesezeit\" \/>\n\t<meta name=\"twitter:data1\" content=\"1\u00a0Minute\" \/>\n<script type=\"application\/ld+json\" class=\"yoast-schema-graph\">{\"@context\":\"https:\\\/\\\/schema.org\",\"@graph\":[{\"@type\":\"WebPage\",\"@id\":\"https:\\\/\\\/www.elektro-test.ba\\\/ispitivanje\\\/\",\"url\":\"https:\\\/\\\/www.elektro-test.ba\\\/ispitivanje\\\/\",\"name\":\"Ispitivanje - Elektro Test Solar d.o.o.\",\"isPartOf\":{\"@id\":\"https:\\\/\\\/www.elektro-test.ba\\\/#website\"},\"primaryImageOfPage\":{\"@id\":\"https:\\\/\\\/www.elektro-test.ba\\\/ispitivanje\\\/#primaryimage\"},\"image\":{\"@id\":\"https:\\\/\\\/www.elektro-test.ba\\\/ispitivanje\\\/#primaryimage\"},\"thumbnailUrl\":\"https:\\\/\\\/www.elektro-test.ba\\\/wp-content\\\/uploads\\\/2018\\\/09\\\/wire-1098059_1920.jpg\",\"datePublished\":\"2018-09-15T10:41:14+00:00\",\"dateModified\":\"2023-07-07T00:28:30+00:00\",\"description\":\"%\",\"inLanguage\":\"de\",\"potentialAction\":[{\"@type\":\"ReadAction\",\"target\":[\"https:\\\/\\\/www.elektro-test.ba\\\/ispitivanje\\\/\"]}]},{\"@type\":\"ImageObject\",\"inLanguage\":\"de\",\"@id\":\"https:\\\/\\\/www.elektro-test.ba\\\/ispitivanje\\\/#primaryimage\",\"url\":\"https:\\\/\\\/www.elektro-test.ba\\\/wp-content\\\/uploads\\\/2018\\\/09\\\/wire-1098059_1920.jpg\",\"contentUrl\":\"https:\\\/\\\/www.elektro-test.ba\\\/wp-content\\\/uploads\\\/2018\\\/09\\\/wire-1098059_1920.jpg\"},{\"@type\":\"WebSite\",\"@id\":\"https:\\\/\\\/www.elektro-test.ba\\\/#website\",\"url\":\"https:\\\/\\\/www.elektro-test.ba\\\/\",\"name\":\"Elektro Test Solar d.o.o.\",\"description\":\"Stru\u010dnjaci za solarne panele i elektrane, solarno grijanje i hla\u0111enje, toplotne pumpe i off-grid rje\u0161enja u BiH. Iskoristite obnovljive izvore energije za va\u0161u ku\u0107u ili firmu!\",\"publisher\":{\"@id\":\"https:\\\/\\\/www.elektro-test.ba\\\/#organization\"},\"alternateName\":\"Elektro test solarne elektrane\",\"potentialAction\":[{\"@type\":\"SearchAction\",\"target\":{\"@type\":\"EntryPoint\",\"urlTemplate\":\"https:\\\/\\\/www.elektro-test.ba\\\/?s={search_term_string}\"},\"query-input\":{\"@type\":\"PropertyValueSpecification\",\"valueRequired\":true,\"valueName\":\"search_term_string\"}}],\"inLanguage\":\"de\"},{\"@type\":\"Organization\",\"@id\":\"https:\\\/\\\/www.elektro-test.ba\\\/#organization\",\"name\":\"Elektro test solar d.o.o.\",\"alternateName\":\"Solarne elektrane Elektro-test solar\",\"url\":\"https:\\\/\\\/www.elektro-test.ba\\\/\",\"logo\":{\"@type\":\"ImageObject\",\"inLanguage\":\"de\",\"@id\":\"https:\\\/\\\/www.elektro-test.ba\\\/#\\\/schema\\\/logo\\\/image\\\/\",\"url\":\"https:\\\/\\\/www.elektro-test.ba\\\/wp-content\\\/uploads\\\/2025\\\/06\\\/Logo_trans_text_vert.png\",\"contentUrl\":\"https:\\\/\\\/www.elektro-test.ba\\\/wp-content\\\/uploads\\\/2025\\\/06\\\/Logo_trans_text_vert.png\",\"width\":1641,\"height\":1038,\"caption\":\"Elektro test solar d.o.o.\"},\"image\":{\"@id\":\"https:\\\/\\\/www.elektro-test.ba\\\/#\\\/schema\\\/logo\\\/image\\\/\"},\"email\":\"nmandzic@elektro-test.ba\",\"telephone\":\"+38733430950\",\"legalName\":\"Elektro test solar d.o.o.\",\"foundingDate\":\"2002-01-01\",\"vatID\":\"4200742130006\",\"taxID\":\"200742130006\",\"numberOfEmployees\":{\"@type\":\"QuantitativeValue\",\"minValue\":\"1\",\"maxValue\":\"10\"}}]}<\/script>\n<!-- \/ Yoast SEO Premium plugin. -->","yoast_head_json":{"title":"Ispitivanje - Elektro Test Solar d.o.o.","description":"%","robots":{"index":"index","follow":"follow","max-snippet":"max-snippet:-1","max-image-preview":"max-image-preview:large","max-video-preview":"max-video-preview:-1"},"canonical":"https:\/\/www.elektro-test.ba\/de\/ispitivanje\/","og_locale":"de_DE","og_type":"article","og_title":"Ispitivanje","og_description":"%","og_url":"https:\/\/www.elektro-test.ba\/de\/ispitivanje\/","og_site_name":"Elektro Test Solar d.o.o.","article_modified_time":"2023-07-07T00:28:30+00:00","og_image":[{"url":"https:\/\/www.elektro-test.ba\/wp-content\/uploads\/2018\/09\/wire-1098059_1920.jpg","type":"","width":"","height":""}],"twitter_misc":{"Gesch\u00e4tzte Lesezeit":"1\u00a0Minute"},"schema":{"@context":"https:\/\/schema.org","@graph":[{"@type":"WebPage","@id":"https:\/\/www.elektro-test.ba\/ispitivanje\/","url":"https:\/\/www.elektro-test.ba\/ispitivanje\/","name":"Ispitivanje - Elektro Test Solar d.o.o.","isPartOf":{"@id":"https:\/\/www.elektro-test.ba\/#website"},"primaryImageOfPage":{"@id":"https:\/\/www.elektro-test.ba\/ispitivanje\/#primaryimage"},"image":{"@id":"https:\/\/www.elektro-test.ba\/ispitivanje\/#primaryimage"},"thumbnailUrl":"https:\/\/www.elektro-test.ba\/wp-content\/uploads\/2018\/09\/wire-1098059_1920.jpg","datePublished":"2018-09-15T10:41:14+00:00","dateModified":"2023-07-07T00:28:30+00:00","description":"%","inLanguage":"de","potentialAction":[{"@type":"ReadAction","target":["https:\/\/www.elektro-test.ba\/ispitivanje\/"]}]},{"@type":"ImageObject","inLanguage":"de","@id":"https:\/\/www.elektro-test.ba\/ispitivanje\/#primaryimage","url":"https:\/\/www.elektro-test.ba\/wp-content\/uploads\/2018\/09\/wire-1098059_1920.jpg","contentUrl":"https:\/\/www.elektro-test.ba\/wp-content\/uploads\/2018\/09\/wire-1098059_1920.jpg"},{"@type":"WebSite","@id":"https:\/\/www.elektro-test.ba\/#website","url":"https:\/\/www.elektro-test.ba\/","name":"Elektro Test Solar d.o.o.","description":"Stru\u010dnjaci za solarne panele i elektrane, solarno grijanje i hla\u0111enje, toplotne pumpe i off-grid rje\u0161enja u BiH. Iskoristite obnovljive izvore energije za va\u0161u ku\u0107u ili firmu!","publisher":{"@id":"https:\/\/www.elektro-test.ba\/#organization"},"alternateName":"Elektro test solarne elektrane","potentialAction":[{"@type":"SearchAction","target":{"@type":"EntryPoint","urlTemplate":"https:\/\/www.elektro-test.ba\/?s={search_term_string}"},"query-input":{"@type":"PropertyValueSpecification","valueRequired":true,"valueName":"search_term_string"}}],"inLanguage":"de"},{"@type":"Organization","@id":"https:\/\/www.elektro-test.ba\/#organization","name":"Elektro test solar d.o.o.","alternateName":"Solarne elektrane Elektro-test solar","url":"https:\/\/www.elektro-test.ba\/","logo":{"@type":"ImageObject","inLanguage":"de","@id":"https:\/\/www.elektro-test.ba\/#\/schema\/logo\/image\/","url":"https:\/\/www.elektro-test.ba\/wp-content\/uploads\/2025\/06\/Logo_trans_text_vert.png","contentUrl":"https:\/\/www.elektro-test.ba\/wp-content\/uploads\/2025\/06\/Logo_trans_text_vert.png","width":1641,"height":1038,"caption":"Elektro test solar d.o.o."},"image":{"@id":"https:\/\/www.elektro-test.ba\/#\/schema\/logo\/image\/"},"email":"nmandzic@elektro-test.ba","telephone":"+38733430950","legalName":"Elektro test solar d.o.o.","foundingDate":"2002-01-01","vatID":"4200742130006","taxID":"200742130006","numberOfEmployees":{"@type":"QuantitativeValue","minValue":"1","maxValue":"10"}}]}},"_links":{"self":[{"href":"https:\/\/www.elektro-test.ba\/de\/wp-json\/wp\/v2\/pages\/2956","targetHints":{"allow":["GET"]}}],"collection":[{"href":"https:\/\/www.elektro-test.ba\/de\/wp-json\/wp\/v2\/pages"}],"about":[{"href":"https:\/\/www.elektro-test.ba\/de\/wp-json\/wp\/v2\/types\/page"}],"author":[{"embeddable":true,"href":"https:\/\/www.elektro-test.ba\/de\/wp-json\/wp\/v2\/users\/2"}],"replies":[{"embeddable":true,"href":"https:\/\/www.elektro-test.ba\/de\/wp-json\/wp\/v2\/comments?post=2956"}],"version-history":[{"count":24,"href":"https:\/\/www.elektro-test.ba\/de\/wp-json\/wp\/v2\/pages\/2956\/revisions"}],"predecessor-version":[{"id":31938,"href":"https:\/\/www.elektro-test.ba\/de\/wp-json\/wp\/v2\/pages\/2956\/revisions\/31938"}],"wp:attachment":[{"href":"https:\/\/www.elektro-test.ba\/de\/wp-json\/wp\/v2\/media?parent=2956"}],"curies":[{"name":"wp","href":"https:\/\/api.w.org\/{rel}","templated":true}]}}