{"id":31961,"date":"2023-07-07T12:28:50","date_gmt":"2023-07-07T10:28:50","guid":{"rendered":"https:\/\/www.elektro-test.ba\/?page_id=31961"},"modified":"2023-07-07T12:52:20","modified_gmt":"2023-07-07T10:52:20","slug":"solarne-elektrane","status":"publish","type":"page","link":"https:\/\/www.elektro-test.ba\/de\/solarne-elektrane\/","title":{"rendered":"Solarkraftwerke"},"content":{"rendered":"<div data-elementor-type=\"wp-page\" data-elementor-id=\"31961\" class=\"elementor elementor-31961\">\n\t\t\t\t\t\t<section class=\"elementor-section elementor-top-section elementor-element elementor-element-72eb07d elementor-section-stretched elementor-section-boxed elementor-section-height-default elementor-section-height-default\" data-id=\"72eb07d\" data-element_type=\"section\" data-settings=\"{&quot;stretch_section&quot;:&quot;section-stretched&quot;}\">\n\t\t\t\t\t\t<div class=\"elementor-container elementor-column-gap-default\">\n\t\t\t\t\t<div class=\"elementor-column elementor-col-100 elementor-top-column elementor-element elementor-element-77644ac\" data-id=\"77644ac\" data-element_type=\"column\">\n\t\t\t<div class=\"elementor-widget-wrap\">\n\t\t\t\t\t\t\t<\/div>\n\t\t<\/div>\n\t\t\t\t\t<\/div>\n\t\t<\/section>\n\t\t\t\t<section class=\"elementor-section elementor-top-section elementor-element elementor-element-dd5173b elementor-section-boxed elementor-section-height-default elementor-section-height-default\" data-id=\"dd5173b\" data-element_type=\"section\">\n\t\t\t\t\t\t<div class=\"elementor-container elementor-column-gap-default\">\n\t\t\t\t\t<div class=\"elementor-column elementor-col-100 elementor-top-column elementor-element elementor-element-00ba7d3\" data-id=\"00ba7d3\" data-element_type=\"column\">\n\t\t\t<div class=\"elementor-widget-wrap elementor-element-populated\">\n\t\t\t\t\t\t<div class=\"elementor-element elementor-element-e513b8b elementor-grid-2 elementor-widget__width-initial elementor-grid-tablet-2 elementor-grid-mobile-1 elementor-posts--thumbnail-top elementor-card-shadow-yes elementor-posts__hover-gradient elementor-widget elementor-widget-posts\" data-id=\"e513b8b\" data-element_type=\"widget\" data-settings=\"{&quot;cards_columns&quot;:&quot;2&quot;,&quot;pagination_type&quot;:&quot;numbers&quot;,&quot;cards_columns_tablet&quot;:&quot;2&quot;,&quot;cards_columns_mobile&quot;:&quot;1&quot;,&quot;cards_row_gap&quot;:{&quot;unit&quot;:&quot;px&quot;,&quot;size&quot;:35,&quot;sizes&quot;:[]},&quot;cards_row_gap_tablet&quot;:{&quot;unit&quot;:&quot;px&quot;,&quot;size&quot;:&quot;&quot;,&quot;sizes&quot;:[]},&quot;cards_row_gap_mobile&quot;:{&quot;unit&quot;:&quot;px&quot;,&quot;size&quot;:&quot;&quot;,&quot;sizes&quot;:[]}}\" data-widget_type=\"posts.cards\">\n\t\t\t\t<div class=\"elementor-widget-container\">\n\t\t\t\t\t\t\t<div class=\"elementor-posts-container elementor-posts elementor-posts--skin-cards elementor-grid\">\n\t\t\t\t<article class=\"elementor-post elementor-grid-item post-3492 post type-post status-publish format-standard has-post-thumbnail hentry category-solarne-elektrane-izgradnja\">\n\t\t\t<div class=\"elementor-post__card\">\n\t\t\t\t<a class=\"elementor-post__thumbnail__link\" href=\"https:\/\/www.elektro-test.ba\/de\/solarne-elektrane-izgradnja\/solarna-elektrana-mac-eco-oil-hodovo\/\" ><div class=\"elementor-post__thumbnail\"><img fetchpriority=\"high\" decoding=\"async\" width=\"700\" height=\"395\" src=\"https:\/\/www.elektro-test.ba\/wp-content\/uploads\/2020\/03\/IMAG0192-768x433.jpg\" class=\"attachment-medium_large size-medium_large wp-image-3496\" alt=\"\" srcset=\"https:\/\/www.elektro-test.ba\/wp-content\/uploads\/2020\/03\/IMAG0192-768x433.jpg 768w, https:\/\/www.elektro-test.ba\/wp-content\/uploads\/2020\/03\/IMAG0192-300x169.jpg 300w, https:\/\/www.elektro-test.ba\/wp-content\/uploads\/2020\/03\/IMAG0192.jpg 1024w, https:\/\/www.elektro-test.ba\/wp-content\/uploads\/2020\/03\/IMAG0192-600x338.jpg 600w\" sizes=\"(max-width: 700px) 100vw, 700px\" \/><\/div><\/a>\n\t\t\t\t<div class=\"elementor-post__badge\">Bau von Solarkraftwerken<\/div>\n\t\t\t\t<div class=\"elementor-post__text\">\n\t\t\t\t<h3 class=\"elementor-post__title\">\n\t\t\t<a href=\"https:\/\/www.elektro-test.ba\/de\/solarne-elektrane-izgradnja\/solarna-elektrana-mac-eco-oil-hodovo\/\" >\n\t\t\t\tSolarkraftwerk \u201eMAC ECO OIL\u201c Hodovo\t\t\t<\/a>\n\t\t<\/h3>\n\t\t\t\t<div class=\"elementor-post__excerpt\">\n\t\t\t<p>Solarkraftwerk \u201eMAC ECO OIL\u201c Hodovo<\/p>\n\t\t<\/div>\n\t\t\t\t\t<div class=\"elementor-post__read-more-wrapper\">\n\t\t\n\t\t<a class=\"elementor-post__read-more\" href=\"https:\/\/www.elektro-test.ba\/de\/solarne-elektrane-izgradnja\/solarna-elektrana-mac-eco-oil-hodovo\/\" >\n\t\t\tWeiterlesen &quot;\t\t<\/a>\n\n\t\t\t\t\t<\/div>\n\t\t\t\t<\/div>\n\t\t\t\t\t<\/div>\n\t\t<\/article>\n\t\t\t\t<article class=\"elementor-post elementor-grid-item post-3482 post type-post status-publish format-gallery has-post-thumbnail hentry category-solarne-elektrane-izgradnja post_format-post-format-gallery\">\n\t\t\t<div class=\"elementor-post__card\">\n\t\t\t\t<a class=\"elementor-post__thumbnail__link\" href=\"https:\/\/www.elektro-test.ba\/de\/solarne-elektrane-izgradnja\/solarna-elektrana-interprojekt-mostar-10kw\/\" ><div class=\"elementor-post__thumbnail\"><img decoding=\"async\" width=\"700\" height=\"525\" src=\"https:\/\/www.elektro-test.ba\/wp-content\/uploads\/2020\/03\/IMG-b5fab603fe5341cb1d9c5ad696f20505-V-768x576.jpg\" class=\"attachment-medium_large size-medium_large wp-image-3484\" alt=\"\" srcset=\"https:\/\/www.elektro-test.ba\/wp-content\/uploads\/2020\/03\/IMG-b5fab603fe5341cb1d9c5ad696f20505-V-768x576.jpg 768w, https:\/\/www.elektro-test.ba\/wp-content\/uploads\/2020\/03\/IMG-b5fab603fe5341cb1d9c5ad696f20505-V-300x225.jpg 300w, https:\/\/www.elektro-test.ba\/wp-content\/uploads\/2020\/03\/IMG-b5fab603fe5341cb1d9c5ad696f20505-V-1024x768.jpg 1024w, https:\/\/www.elektro-test.ba\/wp-content\/uploads\/2020\/03\/IMG-b5fab603fe5341cb1d9c5ad696f20505-V-600x450.jpg 600w, https:\/\/www.elektro-test.ba\/wp-content\/uploads\/2020\/03\/IMG-b5fab603fe5341cb1d9c5ad696f20505-V.jpg 1600w\" sizes=\"(max-width: 700px) 100vw, 700px\" \/><\/div><\/a>\n\t\t\t\t<div class=\"elementor-post__badge\">Bau von Solarkraftwerken<\/div>\n\t\t\t\t<div class=\"elementor-post__text\">\n\t\t\t\t<h3 class=\"elementor-post__title\">\n\t\t\t<a href=\"https:\/\/www.elektro-test.ba\/de\/solarne-elektrane-izgradnja\/solarna-elektrana-interprojekt-mostar-10kw\/\" >\n\t\t\t\tSolarkraftwerk INTERPROJEKT Mostar 10kW\t\t\t<\/a>\n\t\t<\/h3>\n\t\t\t\t<div class=\"elementor-post__excerpt\">\n\t\t\t<p>Solarkraftwerk INTERPROJEKT Mostar 10kW &nbsp;<\/p>\n\t\t<\/div>\n\t\t\t\t\t<div class=\"elementor-post__read-more-wrapper\">\n\t\t\n\t\t<a class=\"elementor-post__read-more\" href=\"https:\/\/www.elektro-test.ba\/de\/solarne-elektrane-izgradnja\/solarna-elektrana-interprojekt-mostar-10kw\/\" >\n\t\t\tWeiterlesen &quot;\t\t<\/a>\n\n\t\t\t\t\t<\/div>\n\t\t\t\t<\/div>\n\t\t\t\t\t<\/div>\n\t\t<\/article>\n\t\t\t\t<article class=\"elementor-post elementor-grid-item post-226 post type-post status-publish format-standard has-post-thumbnail hentry category-solarne-elektrane-izgradnja category-solarni-paneli-solarne-elektrane tag-galerija-solarnih-panela\">\n\t\t\t<div class=\"elementor-post__card\">\n\t\t\t\t<a class=\"elementor-post__thumbnail__link\" href=\"https:\/\/www.elektro-test.ba\/de\/solarni-paneli-solarne-elektrane\/galerija\/\" ><div class=\"elementor-post__thumbnail\"><img decoding=\"async\" width=\"550\" height=\"413\" src=\"https:\/\/www.elektro-test.ba\/wp-content\/uploads\/2013\/10\/dscn08101.jpg\" class=\"attachment-medium_large size-medium_large wp-image-989\" alt=\"\" srcset=\"https:\/\/www.elektro-test.ba\/wp-content\/uploads\/2013\/10\/dscn08101.jpg 550w, https:\/\/www.elektro-test.ba\/wp-content\/uploads\/2013\/10\/dscn08101-350x263.jpg 350w, https:\/\/www.elektro-test.ba\/wp-content\/uploads\/2013\/10\/dscn08101-300x225.jpg 300w\" sizes=\"(max-width: 550px) 100vw, 550px\" \/><\/div><\/a>\n\t\t\t\t<div class=\"elementor-post__badge\">Bau von Solarkraftwerken<\/div>\n\t\t\t\t<div class=\"elementor-post__text\">\n\t\t\t\t<h3 class=\"elementor-post__title\">\n\t\t\t<a href=\"https:\/\/www.elektro-test.ba\/de\/solarni-paneli-solarne-elektrane\/galerija\/\" >\n\t\t\t\tSolarkraftwerk HE \u201eENERGY\u201c \u2013 Stolac\t\t\t<\/a>\n\t\t<\/h3>\n\t\t\t\t<div class=\"elementor-post__excerpt\">\n\t\t\t<p>\u00a0 Bau eines Solarkraftwerks \u2013 \u201eHE ENERGY\u201c \u2013 Stolac (Hodovo), 150 kW [flagallery gid=1] ABGESCHLOSSENES PROJEKT ZUM BAU DES SOLARKRAFTWERKS \u201eHE ENERGY\u201c, LEISTUNG 150 kW in Stolac (Hodovo)<\/p>\n\t\t<\/div>\n\t\t\t\t\t<div class=\"elementor-post__read-more-wrapper\">\n\t\t\n\t\t<a class=\"elementor-post__read-more\" href=\"https:\/\/www.elektro-test.ba\/de\/solarni-paneli-solarne-elektrane\/galerija\/\" >\n\t\t\tWeiterlesen &quot;\t\t<\/a>\n\n\t\t\t\t\t<\/div>\n\t\t\t\t<\/div>\n\t\t\t\t\t<\/div>\n\t\t<\/article>\n\t\t\t\t<article class=\"elementor-post elementor-grid-item post-725 post type-post status-publish format-standard has-post-thumbnail hentry category-solarne-elektrane-izgradnja tag-ac-prekidac tag-dc-prekidac tag-dc-rastavljac tag-elektrana tag-elektrane tag-fotonaponski-paneli tag-invertori tag-kontektori tag-odvodnik-prenapona tag-pretvaraci tag-solarna-oprema tag-solarni-kablovi tag-suncana-eelektrana tag-sunceva-elektrana\">\n\t\t\t<div class=\"elementor-post__card\">\n\t\t\t\t<a class=\"elementor-post__thumbnail__link\" href=\"https:\/\/www.elektro-test.ba\/de\/solarne-elektrane-izgradnja\/solarna-elektrana-sarkop-srebrenik\/\" ><div class=\"elementor-post__thumbnail\"><img loading=\"lazy\" decoding=\"async\" width=\"700\" height=\"525\" src=\"https:\/\/www.elektro-test.ba\/wp-content\/uploads\/2015\/05\/DSCN3743-e1432479665515.jpg\" class=\"attachment-medium_large size-medium_large wp-image-750\" alt=\"\" srcset=\"https:\/\/www.elektro-test.ba\/wp-content\/uploads\/2015\/05\/DSCN3743-e1432479665515.jpg 1024w, https:\/\/www.elektro-test.ba\/wp-content\/uploads\/2015\/05\/DSCN3743-e1432479665515-600x450.jpg 600w\" sizes=\"(max-width: 700px) 100vw, 700px\" \/><\/div><\/a>\n\t\t\t\t<div class=\"elementor-post__badge\">Bau von Solarkraftwerken<\/div>\n\t\t\t\t<div class=\"elementor-post__text\">\n\t\t\t\t<h3 class=\"elementor-post__title\">\n\t\t\t<a href=\"https:\/\/www.elektro-test.ba\/de\/solarne-elektrane-izgradnja\/solarna-elektrana-sarkop-srebrenik\/\" >\n\t\t\t\tSolarkraftwerk Sarkop-Srebrenik\t\t\t<\/a>\n\t\t<\/h3>\n\t\t\t\t<div class=\"elementor-post__excerpt\">\n\t\t\t<p>Solarwechselrichter Kaco 150 kW Kraftwerk Sarkop-Srebrenik Solarkraftwerk FERTIG BAUPROJEKT SOLARKRAFTWERK \u201eSarkop-Srebrenik\u201c Leistung: 150 kW Investor: Sarkop doo Srebrenik Projekthaus: ELEKTRO-TEST doo Sarajevo<\/p>\n\t\t<\/div>\n\t\t\t\t\t<div class=\"elementor-post__read-more-wrapper\">\n\t\t\n\t\t<a class=\"elementor-post__read-more\" href=\"https:\/\/www.elektro-test.ba\/de\/solarne-elektrane-izgradnja\/solarna-elektrana-sarkop-srebrenik\/\" >\n\t\t\tWeiterlesen &quot;\t\t<\/a>\n\n\t\t\t\t\t<\/div>\n\t\t\t\t<\/div>\n\t\t\t\t\t<\/div>\n\t\t<\/article>\n\t\t\t\t<article class=\"elementor-post elementor-grid-item post-709 post type-post status-publish format-standard has-post-thumbnail hentry category-solarne-elektrane-izgradnja tag-elektrana tag-invertori tag-kaco-powador tag-solarna-elektrana tag-solarni-paneli\">\n\t\t\t<div class=\"elementor-post__card\">\n\t\t\t\t<a class=\"elementor-post__thumbnail__link\" href=\"https:\/\/www.elektro-test.ba\/de\/solarne-elektrane-izgradnja\/solarna-elektrana-herceg-srebrenik\/\" ><div class=\"elementor-post__thumbnail\"><img loading=\"lazy\" decoding=\"async\" width=\"700\" height=\"525\" src=\"https:\/\/www.elektro-test.ba\/wp-content\/uploads\/2015\/05\/DSCN3735.jpg\" class=\"attachment-medium_large size-medium_large wp-image-751\" alt=\"\" srcset=\"https:\/\/www.elektro-test.ba\/wp-content\/uploads\/2015\/05\/DSCN3735.jpg 1024w, https:\/\/www.elektro-test.ba\/wp-content\/uploads\/2015\/05\/DSCN3735-600x450.jpg 600w, https:\/\/www.elektro-test.ba\/wp-content\/uploads\/2015\/05\/DSCN3735-300x225.jpg 300w\" sizes=\"(max-width: 700px) 100vw, 700px\" \/><\/div><\/a>\n\t\t\t\t<div class=\"elementor-post__badge\">Bau von Solarkraftwerken<\/div>\n\t\t\t\t<div class=\"elementor-post__text\">\n\t\t\t\t<h3 class=\"elementor-post__title\">\n\t\t\t<a href=\"https:\/\/www.elektro-test.ba\/de\/solarne-elektrane-izgradnja\/solarna-elektrana-herceg-srebrenik\/\" >\n\t\t\t\tSolarkraftwerk Herceg-Srebrenik\t\t\t<\/a>\n\t\t<\/h3>\n\t\t\t\t<div class=\"elementor-post__excerpt\">\n\t\t\t<p>Solarkraftwerk [flagallery gid=3] Solarkraftwerk Herceg-Srebrenik Solarkraftwerk 150 kW ABGESCHLOSSENES PROJEKT ZUM BAU DES SOLARKRAFTWERKS \u201eHERCEG-SREBRENIK\u201c LEISTUNG 150 kW IN SREBRENIK Investor: HERCEG doo Srebrenik<\/p>\n\t\t<\/div>\n\t\t\t\t\t<div class=\"elementor-post__read-more-wrapper\">\n\t\t\n\t\t<a class=\"elementor-post__read-more\" href=\"https:\/\/www.elektro-test.ba\/de\/solarne-elektrane-izgradnja\/solarna-elektrana-herceg-srebrenik\/\" >\n\t\t\tWeiterlesen &quot;\t\t<\/a>\n\n\t\t\t\t\t<\/div>\n\t\t\t\t<\/div>\n\t\t\t\t\t<\/div>\n\t\t<\/article>\n\t\t\t\t<article class=\"elementor-post elementor-grid-item post-329 post type-post status-publish format-standard has-post-thumbnail hentry category-clanci category-solarne-elektrane-izgradnja category-solarni-paneli-solarne-elektrane tag-elektrana tag-gorazde tag-paneli tag-solarna tag-solarna-elektrana tag-solarni-paneli\">\n\t\t\t<div class=\"elementor-post__card\">\n\t\t\t\t<a class=\"elementor-post__thumbnail__link\" href=\"https:\/\/www.elektro-test.ba\/de\/solarni-paneli-solarne-elektrane\/u-gorazdu-pustena-u-promet-novoizgradena-solarna-elektrana-2\/\" ><div class=\"elementor-post__thumbnail\"><img loading=\"lazy\" decoding=\"async\" width=\"700\" height=\"433\" src=\"https:\/\/www.elektro-test.ba\/wp-content\/uploads\/2014\/05\/140320103.5_xl1.jpg\" class=\"attachment-medium_large size-medium_large wp-image-338\" alt=\"Elektro-test solarna elektrana\" srcset=\"https:\/\/www.elektro-test.ba\/wp-content\/uploads\/2014\/05\/140320103.5_xl1.jpg 938w, https:\/\/www.elektro-test.ba\/wp-content\/uploads\/2014\/05\/140320103.5_xl1-600x371.jpg 600w, https:\/\/www.elektro-test.ba\/wp-content\/uploads\/2014\/05\/140320103.5_xl1-300x185.jpg 300w\" sizes=\"(max-width: 700px) 100vw, 700px\" \/><\/div><\/a>\n\t\t\t\t<div class=\"elementor-post__badge\">Artikel<\/div>\n\t\t\t\t<div class=\"elementor-post__text\">\n\t\t\t\t<h3 class=\"elementor-post__title\">\n\t\t\t<a href=\"https:\/\/www.elektro-test.ba\/de\/solarni-paneli-solarne-elektrane\/u-gorazdu-pustena-u-promet-novoizgradena-solarna-elektrana-2\/\" >\n\t\t\t\tGora\u017ede \u2013 Solarkraftwerk Bujaci 150 kW\t\t\t<\/a>\n\t\t<\/h3>\n\t\t\t\t<div class=\"elementor-post__excerpt\">\n\t\t\t<p>Im Dorf Bujaci in der N\u00e4he von Gora\u017ede wurde innerhalb von zwanzig Tagen eines der modernsten Solarkraftwerke der Region errichtet<\/p>\n\t\t<\/div>\n\t\t\t\t\t<div class=\"elementor-post__read-more-wrapper\">\n\t\t\n\t\t<a class=\"elementor-post__read-more\" href=\"https:\/\/www.elektro-test.ba\/de\/solarni-paneli-solarne-elektrane\/u-gorazdu-pustena-u-promet-novoizgradena-solarna-elektrana-2\/\" >\n\t\t\tWeiterlesen &quot;\t\t<\/a>\n\n\t\t\t\t\t<\/div>\n\t\t\t\t<\/div>\n\t\t\t\t\t<\/div>\n\t\t<\/article>\n\t\t\t\t<\/div>\n\n\n\t\t\n\t\t\t\t\t\t<\/div>\n\t\t\t\t<\/div>\n\t\t\t\t\t<\/div>\n\t\t<\/div>\n\t\t\t\t\t<\/div>\n\t\t<\/section>\n\t\t\t\t<\/div>","protected":false},"excerpt":{"rendered":"","protected":false},"author":1,"featured_media":0,"parent":0,"menu_order":0,"comment_status":"closed","ping_status":"closed","template":"","meta":{"footnotes":""},"class_list":["post-31961","page","type-page","status-publish","hentry"],"yoast_head":"<!-- This site is optimized with the Yoast SEO Premium plugin v25.3 (Yoast SEO v27.4) - https:\/\/yoast.com\/product\/yoast-seo-premium-wordpress\/ -->\n<title>Solarne elektrane - Elektro Test Solar d.o.o.<\/title>\n<meta name=\"description\" content=\"%\" \/>\n<meta name=\"robots\" content=\"index, follow, max-snippet:-1, max-image-preview:large, max-video-preview:-1\" \/>\n<link rel=\"canonical\" href=\"https:\/\/www.elektro-test.ba\/de\/solarne-elektrane\/\" \/>\n<meta property=\"og:locale\" content=\"de_DE\" \/>\n<meta property=\"og:type\" content=\"article\" \/>\n<meta property=\"og:title\" content=\"Solarne elektrane\" \/>\n<meta property=\"og:description\" content=\"%\" \/>\n<meta property=\"og:url\" content=\"https:\/\/www.elektro-test.ba\/de\/solarne-elektrane\/\" \/>\n<meta property=\"og:site_name\" content=\"Elektro Test Solar d.o.o.\" \/>\n<meta property=\"article:modified_time\" content=\"2023-07-07T10:52:20+00:00\" \/>\n<meta name=\"twitter:label1\" content=\"Gesch\u00e4tzte Lesezeit\" \/>\n\t<meta name=\"twitter:data1\" content=\"2\u00a0Minuten\" \/>\n<script type=\"application\/ld+json\" class=\"yoast-schema-graph\">{\"@context\":\"https:\\\/\\\/schema.org\",\"@graph\":[{\"@type\":\"WebPage\",\"@id\":\"https:\\\/\\\/www.elektro-test.ba\\\/solarne-elektrane\\\/\",\"url\":\"https:\\\/\\\/www.elektro-test.ba\\\/solarne-elektrane\\\/\",\"name\":\"Solarne elektrane - Elektro Test Solar d.o.o.\",\"isPartOf\":{\"@id\":\"https:\\\/\\\/www.elektro-test.ba\\\/#website\"},\"datePublished\":\"2023-07-07T10:28:50+00:00\",\"dateModified\":\"2023-07-07T10:52:20+00:00\",\"description\":\"%\",\"inLanguage\":\"de\",\"potentialAction\":[{\"@type\":\"ReadAction\",\"target\":[\"https:\\\/\\\/www.elektro-test.ba\\\/solarne-elektrane\\\/\"]}]},{\"@type\":\"WebSite\",\"@id\":\"https:\\\/\\\/www.elektro-test.ba\\\/#website\",\"url\":\"https:\\\/\\\/www.elektro-test.ba\\\/\",\"name\":\"Elektro Test Solar d.o.o.\",\"description\":\"Stru\u010dnjaci za solarne panele i elektrane, solarno grijanje i hla\u0111enje, toplotne pumpe i off-grid rje\u0161enja u BiH. Iskoristite obnovljive izvore energije za va\u0161u ku\u0107u ili firmu!\",\"publisher\":{\"@id\":\"https:\\\/\\\/www.elektro-test.ba\\\/#organization\"},\"alternateName\":\"Elektro test solarne elektrane\",\"potentialAction\":[{\"@type\":\"SearchAction\",\"target\":{\"@type\":\"EntryPoint\",\"urlTemplate\":\"https:\\\/\\\/www.elektro-test.ba\\\/?s={search_term_string}\"},\"query-input\":{\"@type\":\"PropertyValueSpecification\",\"valueRequired\":true,\"valueName\":\"search_term_string\"}}],\"inLanguage\":\"de\"},{\"@type\":\"Organization\",\"@id\":\"https:\\\/\\\/www.elektro-test.ba\\\/#organization\",\"name\":\"Elektro test solar d.o.o.\",\"alternateName\":\"Solarne elektrane Elektro-test solar\",\"url\":\"https:\\\/\\\/www.elektro-test.ba\\\/\",\"logo\":{\"@type\":\"ImageObject\",\"inLanguage\":\"de\",\"@id\":\"https:\\\/\\\/www.elektro-test.ba\\\/#\\\/schema\\\/logo\\\/image\\\/\",\"url\":\"https:\\\/\\\/www.elektro-test.ba\\\/wp-content\\\/uploads\\\/2025\\\/06\\\/Logo_trans_text_vert.png\",\"contentUrl\":\"https:\\\/\\\/www.elektro-test.ba\\\/wp-content\\\/uploads\\\/2025\\\/06\\\/Logo_trans_text_vert.png\",\"width\":1641,\"height\":1038,\"caption\":\"Elektro test solar d.o.o.\"},\"image\":{\"@id\":\"https:\\\/\\\/www.elektro-test.ba\\\/#\\\/schema\\\/logo\\\/image\\\/\"},\"email\":\"nmandzic@elektro-test.ba\",\"telephone\":\"+38733430950\",\"legalName\":\"Elektro test solar d.o.o.\",\"foundingDate\":\"2002-01-01\",\"vatID\":\"4200742130006\",\"taxID\":\"200742130006\",\"numberOfEmployees\":{\"@type\":\"QuantitativeValue\",\"minValue\":\"1\",\"maxValue\":\"10\"}}]}<\/script>\n<!-- \/ Yoast SEO Premium plugin. -->","yoast_head_json":{"title":"Solarne elektrane - Elektro Test Solar d.o.o.","description":"%","robots":{"index":"index","follow":"follow","max-snippet":"max-snippet:-1","max-image-preview":"max-image-preview:large","max-video-preview":"max-video-preview:-1"},"canonical":"https:\/\/www.elektro-test.ba\/de\/solarne-elektrane\/","og_locale":"de_DE","og_type":"article","og_title":"Solarne elektrane","og_description":"%","og_url":"https:\/\/www.elektro-test.ba\/de\/solarne-elektrane\/","og_site_name":"Elektro Test Solar d.o.o.","article_modified_time":"2023-07-07T10:52:20+00:00","twitter_misc":{"Gesch\u00e4tzte Lesezeit":"2\u00a0Minuten"},"schema":{"@context":"https:\/\/schema.org","@graph":[{"@type":"WebPage","@id":"https:\/\/www.elektro-test.ba\/solarne-elektrane\/","url":"https:\/\/www.elektro-test.ba\/solarne-elektrane\/","name":"Solarne elektrane - Elektro Test Solar d.o.o.","isPartOf":{"@id":"https:\/\/www.elektro-test.ba\/#website"},"datePublished":"2023-07-07T10:28:50+00:00","dateModified":"2023-07-07T10:52:20+00:00","description":"%","inLanguage":"de","potentialAction":[{"@type":"ReadAction","target":["https:\/\/www.elektro-test.ba\/solarne-elektrane\/"]}]},{"@type":"WebSite","@id":"https:\/\/www.elektro-test.ba\/#website","url":"https:\/\/www.elektro-test.ba\/","name":"Elektro Test Solar d.o.o.","description":"Stru\u010dnjaci za solarne panele i elektrane, solarno grijanje i hla\u0111enje, toplotne pumpe i off-grid rje\u0161enja u BiH. Iskoristite obnovljive izvore energije za va\u0161u ku\u0107u ili firmu!","publisher":{"@id":"https:\/\/www.elektro-test.ba\/#organization"},"alternateName":"Elektro test solarne elektrane","potentialAction":[{"@type":"SearchAction","target":{"@type":"EntryPoint","urlTemplate":"https:\/\/www.elektro-test.ba\/?s={search_term_string}"},"query-input":{"@type":"PropertyValueSpecification","valueRequired":true,"valueName":"search_term_string"}}],"inLanguage":"de"},{"@type":"Organization","@id":"https:\/\/www.elektro-test.ba\/#organization","name":"Elektro test solar d.o.o.","alternateName":"Solarne elektrane Elektro-test solar","url":"https:\/\/www.elektro-test.ba\/","logo":{"@type":"ImageObject","inLanguage":"de","@id":"https:\/\/www.elektro-test.ba\/#\/schema\/logo\/image\/","url":"https:\/\/www.elektro-test.ba\/wp-content\/uploads\/2025\/06\/Logo_trans_text_vert.png","contentUrl":"https:\/\/www.elektro-test.ba\/wp-content\/uploads\/2025\/06\/Logo_trans_text_vert.png","width":1641,"height":1038,"caption":"Elektro test solar d.o.o."},"image":{"@id":"https:\/\/www.elektro-test.ba\/#\/schema\/logo\/image\/"},"email":"nmandzic@elektro-test.ba","telephone":"+38733430950","legalName":"Elektro test solar d.o.o.","foundingDate":"2002-01-01","vatID":"4200742130006","taxID":"200742130006","numberOfEmployees":{"@type":"QuantitativeValue","minValue":"1","maxValue":"10"}}]}},"_links":{"self":[{"href":"https:\/\/www.elektro-test.ba\/de\/wp-json\/wp\/v2\/pages\/31961","targetHints":{"allow":["GET"]}}],"collection":[{"href":"https:\/\/www.elektro-test.ba\/de\/wp-json\/wp\/v2\/pages"}],"about":[{"href":"https:\/\/www.elektro-test.ba\/de\/wp-json\/wp\/v2\/types\/page"}],"author":[{"embeddable":true,"href":"https:\/\/www.elektro-test.ba\/de\/wp-json\/wp\/v2\/users\/1"}],"replies":[{"embeddable":true,"href":"https:\/\/www.elektro-test.ba\/de\/wp-json\/wp\/v2\/comments?post=31961"}],"version-history":[{"count":7,"href":"https:\/\/www.elektro-test.ba\/de\/wp-json\/wp\/v2\/pages\/31961\/revisions"}],"predecessor-version":[{"id":31970,"href":"https:\/\/www.elektro-test.ba\/de\/wp-json\/wp\/v2\/pages\/31961\/revisions\/31970"}],"wp:attachment":[{"href":"https:\/\/www.elektro-test.ba\/de\/wp-json\/wp\/v2\/media?parent=31961"}],"curies":[{"name":"wp","href":"https:\/\/api.w.org\/{rel}","templated":true}]}}