{"id":2955,"date":"2018-09-15T12:41:14","date_gmt":"2018-09-15T10:41:14","guid":{"rendered":"http:\/\/www.elektro-test.ba\/?page_id=2955"},"modified":"2023-07-07T03:17:29","modified_gmt":"2023-07-07T01:17:29","slug":"montaza","status":"publish","type":"page","link":"https:\/\/www.elektro-test.ba\/en\/montaza\/","title":{"rendered":"Installation"},"content":{"rendered":"<div data-elementor-type=\"wp-post\" data-elementor-id=\"2955\" class=\"elementor elementor-2955\">\n\t\t\t\t\t\t<section class=\"elementor-section elementor-top-section elementor-element elementor-element-490a30ca elementor-section-stretched elementor-section-full_width elementor-section-height-default elementor-section-height-default\" data-id=\"490a30ca\" data-element_type=\"section\" data-settings=\"{&quot;background_background&quot;:&quot;classic&quot;,&quot;stretch_section&quot;:&quot;section-stretched&quot;}\">\n\t\t\t\t\t\t\t<div class=\"elementor-background-overlay\"><\/div>\n\t\t\t\t\t\t\t<div class=\"elementor-container elementor-column-gap-default\">\n\t\t\t\t\t<div class=\"elementor-column elementor-col-100 elementor-top-column elementor-element elementor-element-383afad0\" data-id=\"383afad0\" data-element_type=\"column\">\n\t\t\t<div class=\"elementor-widget-wrap elementor-element-populated\">\n\t\t\t\t\t\t<div class=\"elementor-element elementor-element-71aaa87c elementor-widget elementor-widget-text-editor\" data-id=\"71aaa87c\" data-element_type=\"widget\" data-widget_type=\"text-editor.default\">\n\t\t\t\t<div class=\"elementor-widget-container\">\n\t\t\t\t\t\t\t\t\t<p style=\"text-align: left;\">WE PROVIDE SERVICES ACCORDING TO THE TURNKEY SYSTEM:<\/p><p style=\"text-align: left;\">1. PURCHASE OF EQUIPMENT, ASSEMBLY AND INSTALLATION\u00a0<span style=\"font-family: var( --e-global-typography-text-font-family ), Sans-serif; display: inline !important;\">SOLAR POWER PLANTS FOR ELECTRICITY PRODUCTION<\/span><\/p><p style=\"text-align: left;\"><span style=\"font-family: var( --e-global-typography-text-font-family ), Sans-serif; display: inline !important;\">2. PURCHASE OF EQUIPMENT AND INSTALLATION OF SOLAR COLLECTORS FOR HOT WATER AND HEATING<\/span><\/p><p style=\"text-align: left;\"><span style=\"font-family: var( --e-global-typography-text-font-family ), Sans-serif; display: inline !important;\">3. PURCHASE OF EQUIPMENT, ASSEMBLY AND INSTALLATION\u00a0<\/span><span style=\"font-family: var( --e-global-typography-text-font-family ), Sans-serif; display: inline !important;\">ELECTRICAL INSTALLATION<\/span><\/p><p style=\"text-align: left;\">4. CREATION AND INSTALLATION OF &quot;3D&quot; LED ADVERTISING<\/p><p style=\"text-align: left;\">5. PROCUREMENT AND INSTALLATION OF CABLES FOR MELTING ICE AND SNOW\u00a0<\/p>\t\t\t\t\t\t\t\t<\/div>\n\t\t\t\t<\/div>\n\t\t\t\t\t<\/div>\n\t\t<\/div>\n\t\t\t\t\t<\/div>\n\t\t<\/section>\n\t\t\t\t<section class=\"elementor-section elementor-top-section elementor-element elementor-element-1b8a3a9 elementor-section-stretched elementor-section-full_width elementor-section-height-full elementor-section-items-top elementor-section-content-top elementor-section-height-default\" data-id=\"1b8a3a9\" data-element_type=\"section\" data-settings=\"{&quot;stretch_section&quot;:&quot;section-stretched&quot;}\">\n\t\t\t\t\t\t<div class=\"elementor-container elementor-column-gap-no\">\n\t\t\t\t\t<div class=\"elementor-column elementor-col-100 elementor-top-column elementor-element elementor-element-d82568a\" data-id=\"d82568a\" data-element_type=\"column\">\n\t\t\t<div class=\"elementor-widget-wrap elementor-element-populated\">\n\t\t\t\t\t\t<div class=\"elementor-element elementor-element-259104d elementor-arrows-position-inside elementor-pagination-position-outside elementor-widget elementor-widget-image-carousel\" data-id=\"259104d\" data-element_type=\"widget\" data-settings=\"{&quot;slides_to_show&quot;:&quot;2&quot;,&quot;image_spacing_custom&quot;:{&quot;unit&quot;:&quot;px&quot;,&quot;size&quot;:41,&quot;sizes&quot;:[]},&quot;navigation&quot;:&quot;both&quot;,&quot;autoplay&quot;:&quot;yes&quot;,&quot;pause_on_hover&quot;:&quot;yes&quot;,&quot;pause_on_interaction&quot;:&quot;yes&quot;,&quot;autoplay_speed&quot;:5000,&quot;infinite&quot;:&quot;yes&quot;,&quot;speed&quot;:500,&quot;image_spacing_custom_tablet&quot;:{&quot;unit&quot;:&quot;px&quot;,&quot;size&quot;:&quot;&quot;,&quot;sizes&quot;:[]},&quot;image_spacing_custom_mobile&quot;:{&quot;unit&quot;:&quot;px&quot;,&quot;size&quot;:&quot;&quot;,&quot;sizes&quot;:[]}}\" data-widget_type=\"image-carousel.default\">\n\t\t\t\t<div class=\"elementor-widget-container\">\n\t\t\t\t\t\t\t<div class=\"elementor-image-carousel-wrapper swiper\" role=\"region\" aria-roledescription=\"carousel\" aria-label=\"Image Carousel\" dir=\"ltr\">\n\t\t\t<div class=\"elementor-image-carousel swiper-wrapper\" aria-live=\"off\">\n\t\t\t\t\t\t\t\t<div class=\"swiper-slide\" role=\"group\" aria-roledescription=\"slide\" aria-label=\"1 of 10\"><figure class=\"swiper-slide-inner\"><img decoding=\"async\" class=\"swiper-slide-image\" src=\"https:\/\/www.elektro-test.ba\/wp-content\/uploads\/elementor\/thumbs\/DSCN3731-nw95fjh8lki8r187voued6cnjmf0i8b2s85561tsv8.jpg\" alt=\"DSCN3731\" \/><\/figure><\/div><div class=\"swiper-slide\" role=\"group\" aria-roledescription=\"slide\" aria-label=\"2 of 10\"><figure class=\"swiper-slide-inner\"><img decoding=\"async\" class=\"swiper-slide-image\" src=\"https:\/\/www.elektro-test.ba\/wp-content\/uploads\/elementor\/thumbs\/DSCN3600-wecompress.com_-nw959nzjvugq6rrf6nfca5pxvxdfebzgz5cw6sjdr8.jpg\" alt=\"DSCN3600 (wecompress.com)\" \/><\/figure><\/div><div class=\"swiper-slide\" role=\"group\" aria-roledescription=\"slide\" aria-label=\"3 out of 10\"><figure class=\"swiper-slide-inner\"><img decoding=\"async\" class=\"swiper-slide-image\" src=\"https:\/\/www.elektro-test.ba\/wp-content\/uploads\/elementor\/thumbs\/IMAG0314-wecompress.com_-nw96tp57ab629yddzvcpx0p4ot748sfg0hcw2lgiuc.jpg\" alt=\"IMAG0314 (wecompress.com)\" \/><\/figure><\/div><div class=\"swiper-slide\" role=\"group\" aria-roledescription=\"slide\" aria-label=\"4 out of 10\"><figure class=\"swiper-slide-inner\"><img decoding=\"async\" class=\"swiper-slide-image\" src=\"https:\/\/www.elektro-test.ba\/wp-content\/uploads\/elementor\/thumbs\/IMAG0335-wecompress.com_-nw95tm48x9rskusap9ub74i3qb1ur36edvruu6ylpg.jpg\" alt=\"IMAG0335 (wecompress.com)\" \/><\/figure><\/div><div class=\"swiper-slide\" role=\"group\" aria-roledescription=\"slide\" aria-label=\"5 out of 10\"><figure class=\"swiper-slide-inner\"><img decoding=\"async\" class=\"swiper-slide-image\" src=\"https:\/\/www.elektro-test.ba\/wp-content\/uploads\/elementor\/thumbs\/IMG-cf2a1ea662c4fae72c5c778acc920865-V-nmckocazx0ooagyise7o0cthh0uf4j8mqr7boki2ck.jpg\" alt=\"IMG-cf2a1ea662c4fae72c5c778acc920865-V\" \/><\/figure><\/div><div class=\"swiper-slide\" role=\"group\" aria-roledescription=\"slide\" aria-label=\"6 out of 10\"><figure class=\"swiper-slide-inner\"><img decoding=\"async\" class=\"swiper-slide-image\" src=\"https:\/\/www.elektro-test.ba\/wp-content\/uploads\/elementor\/thumbs\/WP_20160707_10_44_28_Pro-mvw8uyhv6q4rbikjg5247tanhp8cc7s29vt9iqx36s.jpg\" alt=\"WP_20160707_10_44_28_Pro\" \/><\/figure><\/div><div class=\"swiper-slide\" role=\"group\" aria-roledescription=\"slide\" aria-label=\"7 out of 10\"><figure class=\"swiper-slide-inner\"><img decoding=\"async\" class=\"swiper-slide-image\" src=\"https:\/\/www.elektro-test.ba\/wp-content\/uploads\/elementor\/thumbs\/mala-klekova\u010da-2-ndazrwib6blucif2o4qoll1792ph9zb1037jwpl750.jpg\" alt=\"mala klekova\u010da (2)\" \/><\/figure><\/div><div class=\"swiper-slide\" role=\"group\" aria-roledescription=\"slide\" aria-label=\"8 out of 10\"><figure class=\"swiper-slide-inner\"><img decoding=\"async\" class=\"swiper-slide-image\" src=\"https:\/\/www.elektro-test.ba\/wp-content\/uploads\/elementor\/thumbs\/trebinja-2-ndaz0o4n64brz7z4ouysuyffo6xn9o6zlas4d3ytes.jpg\" alt=\"trebinja (2)\" \/><\/figure><\/div><div class=\"swiper-slide\" role=\"group\" aria-roledescription=\"slide\" aria-label=\"9 out of 10\"><figure class=\"swiper-slide-inner\"><img decoding=\"async\" class=\"swiper-slide-image\" src=\"https:\/\/www.elektro-test.ba\/wp-content\/uploads\/elementor\/thumbs\/trebinja-1-ndaz0m8ysg97c01uzu5jpywihf6wu9zix1h5ek1lr8.jpg\" alt=\"trebinja (1)\" \/><\/figure><\/div><div class=\"swiper-slide\" role=\"group\" aria-roledescription=\"slide\" aria-label=\"10 out of 10\"><figure class=\"swiper-slide-inner\"><img decoding=\"async\" class=\"swiper-slide-image\" src=\"https:\/\/www.elektro-test.ba\/wp-content\/uploads\/elementor\/thumbs\/stranica1-ndaxxwab958z2aao3llti8nxj01kr59l9e02p7gg2s.jpg\" alt=\"stranica1\" \/><\/figure><\/div>\t\t\t<\/div>\n\t\t\t\t\t\t\t\t\t\t\t\t<div class=\"elementor-swiper-button elementor-swiper-button-prev\" role=\"button\" tabindex=\"0\">\n\t\t\t\t\t\t<i aria-hidden=\"true\" class=\"eicon-chevron-left\"><\/i>\t\t\t\t\t<\/div>\n\t\t\t\t\t<div class=\"elementor-swiper-button elementor-swiper-button-next\" role=\"button\" tabindex=\"0\">\n\t\t\t\t\t\t<i aria-hidden=\"true\" class=\"eicon-chevron-right\"><\/i>\t\t\t\t\t<\/div>\n\t\t\t\t\n\t\t\t\t\t\t\t\t\t<div class=\"swiper-pagination\"><\/div>\n\t\t\t\t\t\t\t\t\t<\/div>\n\t\t\t\t\t\t<\/div>\n\t\t\t\t<\/div>\n\t\t\t\t\t<\/div>\n\t\t<\/div>\n\t\t\t\t\t<\/div>\n\t\t<\/section>\n\t\t\t\t<section class=\"elementor-section elementor-top-section elementor-element elementor-element-fa50b24 elementor-section-stretched elementor-section-full_width elementor-section-height-default elementor-section-height-default\" data-id=\"fa50b24\" data-element_type=\"section\" data-settings=\"{&quot;stretch_section&quot;:&quot;section-stretched&quot;,&quot;background_background&quot;:&quot;gradient&quot;}\">\n\t\t\t\t\t\t\t<div class=\"elementor-background-overlay\"><\/div>\n\t\t\t\t\t\t\t<div class=\"elementor-container elementor-column-gap-default\">\n\t\t\t\t\t<div class=\"elementor-column elementor-col-100 elementor-top-column elementor-element elementor-element-6d95336\" data-id=\"6d95336\" data-element_type=\"column\">\n\t\t\t<div class=\"elementor-widget-wrap elementor-element-populated\">\n\t\t\t\t\t\t<div class=\"elementor-element elementor-element-165e694 elementor-widget elementor-widget-shortcode\" data-id=\"165e694\" data-element_type=\"widget\" data-widget_type=\"shortcode.default\">\n\t\t\t\t<div class=\"elementor-widget-container\">\n\t\t\t\t\t\t\t<div class=\"elementor-shortcode\">[happyforms id = &quot;3064&quot; \/]<\/div>\n\t\t\t\t\t\t<\/div>\n\t\t\t\t<\/div>\n\t\t\t\t\t<\/div>\n\t\t<\/div>\n\t\t\t\t\t<\/div>\n\t\t<\/section>\n\t\t\t\t<\/div>","protected":false},"excerpt":{"rendered":"<p>WE PROVIDE SERVICES ON A TURNKEY SYSTEM: 1. PURCHASE OF EQUIPMENT, ASSEMBLY AND INSTALLATION OF SOLAR POWER PLANTS FOR ELECTRICITY PRODUCTION 2. PURCHASE OF EQUIPMENT AND ASSEMBLY OF SOLAR COLLECTORS FOR HOT WATER AND HEATING 3. PURCHASE OF EQUIPMENT, ASSEMBLY AND INSTALLATION OF ELECTRICAL INSTALLATIONS 4. FABRICATION AND INSTALLATION 3D\u201d LED ADVERTISING 5. PURCHASE AND INSTALLATION OF CABLES FOR MELTING ICE AND SNOW [happyforms id=\u201d3064\u201d\u2026<\/p>","protected":false},"author":2,"featured_media":0,"parent":0,"menu_order":0,"comment_status":"closed","ping_status":"closed","template":"elementor_header_footer","meta":{"footnotes":""},"class_list":["post-2955","page","type-page","status-publish","hentry"],"yoast_head":"<!-- This site is optimized with the Yoast SEO Premium plugin v25.3 (Yoast SEO v27.4) - https:\/\/yoast.com\/product\/yoast-seo-premium-wordpress\/ -->\n<title>Monta\u017ea - Elektro Test Solar d.o.o.<\/title>\n<meta name=\"description\" content=\"%\" \/>\n<meta name=\"robots\" content=\"index, follow, max-snippet:-1, max-image-preview:large, max-video-preview:-1\" \/>\n<link rel=\"canonical\" href=\"https:\/\/www.elektro-test.ba\/en\/montaza\/\" \/>\n<meta property=\"og:locale\" content=\"en_US\" \/>\n<meta property=\"og:type\" content=\"article\" \/>\n<meta property=\"og:title\" content=\"Monta\u017ea\" \/>\n<meta property=\"og:description\" content=\"%\" \/>\n<meta property=\"og:url\" content=\"https:\/\/www.elektro-test.ba\/en\/montaza\/\" \/>\n<meta property=\"og:site_name\" content=\"Elektro Test Solar d.o.o.\" \/>\n<meta property=\"article:modified_time\" content=\"2023-07-07T01:17:29+00:00\" \/>\n<meta property=\"og:image\" content=\"https:\/\/www.elektro-test.ba\/wp-content\/uploads\/elementor\/thumbs\/DSCN3731-nw95fjh8lki8r187voued6cnjmf0i8b2s85561tsv8.jpg\" \/>\n<meta name=\"twitter:label1\" content=\"Est. reading time\" \/>\n\t<meta name=\"twitter:data1\" content=\"4 minutes\" \/>\n<script type=\"application\/ld+json\" class=\"yoast-schema-graph\">{\"@context\":\"https:\\\/\\\/schema.org\",\"@graph\":[{\"@type\":\"WebPage\",\"@id\":\"https:\\\/\\\/www.elektro-test.ba\\\/montaza\\\/\",\"url\":\"https:\\\/\\\/www.elektro-test.ba\\\/montaza\\\/\",\"name\":\"Monta\u017ea - Elektro Test Solar d.o.o.\",\"isPartOf\":{\"@id\":\"https:\\\/\\\/www.elektro-test.ba\\\/#website\"},\"primaryImageOfPage\":{\"@id\":\"https:\\\/\\\/www.elektro-test.ba\\\/montaza\\\/#primaryimage\"},\"image\":{\"@id\":\"https:\\\/\\\/www.elektro-test.ba\\\/montaza\\\/#primaryimage\"},\"thumbnailUrl\":\"https:\\\/\\\/www.elektro-test.ba\\\/wp-content\\\/uploads\\\/elementor\\\/thumbs\\\/DSCN3731-nw95fjh8lki8r187voued6cnjmf0i8b2s85561tsv8.jpg\",\"datePublished\":\"2018-09-15T10:41:14+00:00\",\"dateModified\":\"2023-07-07T01:17:29+00:00\",\"description\":\"%\",\"inLanguage\":\"en-US\",\"potentialAction\":[{\"@type\":\"ReadAction\",\"target\":[\"https:\\\/\\\/www.elektro-test.ba\\\/montaza\\\/\"]}]},{\"@type\":\"ImageObject\",\"inLanguage\":\"en-US\",\"@id\":\"https:\\\/\\\/www.elektro-test.ba\\\/montaza\\\/#primaryimage\",\"url\":\"https:\\\/\\\/www.elektro-test.ba\\\/wp-content\\\/uploads\\\/elementor\\\/thumbs\\\/DSCN3731-nw95fjh8lki8r187voued6cnjmf0i8b2s85561tsv8.jpg\",\"contentUrl\":\"https:\\\/\\\/www.elektro-test.ba\\\/wp-content\\\/uploads\\\/elementor\\\/thumbs\\\/DSCN3731-nw95fjh8lki8r187voued6cnjmf0i8b2s85561tsv8.jpg\"},{\"@type\":\"WebSite\",\"@id\":\"https:\\\/\\\/www.elektro-test.ba\\\/#website\",\"url\":\"https:\\\/\\\/www.elektro-test.ba\\\/\",\"name\":\"Elektro Test Solar d.o.o.\",\"description\":\"Stru\u010dnjaci za solarne panele i elektrane, solarno grijanje i hla\u0111enje, toplotne pumpe i off-grid rje\u0161enja u BiH. Iskoristite obnovljive izvore energije za va\u0161u ku\u0107u ili firmu!\",\"publisher\":{\"@id\":\"https:\\\/\\\/www.elektro-test.ba\\\/#organization\"},\"alternateName\":\"Elektro test solarne elektrane\",\"potentialAction\":[{\"@type\":\"SearchAction\",\"target\":{\"@type\":\"EntryPoint\",\"urlTemplate\":\"https:\\\/\\\/www.elektro-test.ba\\\/?s={search_term_string}\"},\"query-input\":{\"@type\":\"PropertyValueSpecification\",\"valueRequired\":true,\"valueName\":\"search_term_string\"}}],\"inLanguage\":\"en-US\"},{\"@type\":\"Organization\",\"@id\":\"https:\\\/\\\/www.elektro-test.ba\\\/#organization\",\"name\":\"Elektro test solar d.o.o.\",\"alternateName\":\"Solarne elektrane Elektro-test solar\",\"url\":\"https:\\\/\\\/www.elektro-test.ba\\\/\",\"logo\":{\"@type\":\"ImageObject\",\"inLanguage\":\"en-US\",\"@id\":\"https:\\\/\\\/www.elektro-test.ba\\\/#\\\/schema\\\/logo\\\/image\\\/\",\"url\":\"https:\\\/\\\/www.elektro-test.ba\\\/wp-content\\\/uploads\\\/2025\\\/06\\\/Logo_trans_text_vert.png\",\"contentUrl\":\"https:\\\/\\\/www.elektro-test.ba\\\/wp-content\\\/uploads\\\/2025\\\/06\\\/Logo_trans_text_vert.png\",\"width\":1641,\"height\":1038,\"caption\":\"Elektro test solar d.o.o.\"},\"image\":{\"@id\":\"https:\\\/\\\/www.elektro-test.ba\\\/#\\\/schema\\\/logo\\\/image\\\/\"},\"email\":\"nmandzic@elektro-test.ba\",\"telephone\":\"+38733430950\",\"legalName\":\"Elektro test solar d.o.o.\",\"foundingDate\":\"2002-01-01\",\"vatID\":\"4200742130006\",\"taxID\":\"200742130006\",\"numberOfEmployees\":{\"@type\":\"QuantitativeValue\",\"minValue\":\"1\",\"maxValue\":\"10\"}}]}<\/script>\n<!-- \/ Yoast SEO Premium plugin. -->","yoast_head_json":{"title":"Monta\u017ea - Elektro Test Solar d.o.o.","description":"%","robots":{"index":"index","follow":"follow","max-snippet":"max-snippet:-1","max-image-preview":"max-image-preview:large","max-video-preview":"max-video-preview:-1"},"canonical":"https:\/\/www.elektro-test.ba\/en\/montaza\/","og_locale":"en_US","og_type":"article","og_title":"Monta\u017ea","og_description":"%","og_url":"https:\/\/www.elektro-test.ba\/en\/montaza\/","og_site_name":"Elektro Test Solar d.o.o.","article_modified_time":"2023-07-07T01:17:29+00:00","og_image":[{"url":"https:\/\/www.elektro-test.ba\/wp-content\/uploads\/elementor\/thumbs\/DSCN3731-nw95fjh8lki8r187voued6cnjmf0i8b2s85561tsv8.jpg","type":"","width":"","height":""}],"twitter_misc":{"Est. reading time":"4 minutes"},"schema":{"@context":"https:\/\/schema.org","@graph":[{"@type":"WebPage","@id":"https:\/\/www.elektro-test.ba\/montaza\/","url":"https:\/\/www.elektro-test.ba\/montaza\/","name":"Monta\u017ea - Elektro Test Solar d.o.o.","isPartOf":{"@id":"https:\/\/www.elektro-test.ba\/#website"},"primaryImageOfPage":{"@id":"https:\/\/www.elektro-test.ba\/montaza\/#primaryimage"},"image":{"@id":"https:\/\/www.elektro-test.ba\/montaza\/#primaryimage"},"thumbnailUrl":"https:\/\/www.elektro-test.ba\/wp-content\/uploads\/elementor\/thumbs\/DSCN3731-nw95fjh8lki8r187voued6cnjmf0i8b2s85561tsv8.jpg","datePublished":"2018-09-15T10:41:14+00:00","dateModified":"2023-07-07T01:17:29+00:00","description":"%","inLanguage":"en-US","potentialAction":[{"@type":"ReadAction","target":["https:\/\/www.elektro-test.ba\/montaza\/"]}]},{"@type":"ImageObject","inLanguage":"en-US","@id":"https:\/\/www.elektro-test.ba\/montaza\/#primaryimage","url":"https:\/\/www.elektro-test.ba\/wp-content\/uploads\/elementor\/thumbs\/DSCN3731-nw95fjh8lki8r187voued6cnjmf0i8b2s85561tsv8.jpg","contentUrl":"https:\/\/www.elektro-test.ba\/wp-content\/uploads\/elementor\/thumbs\/DSCN3731-nw95fjh8lki8r187voued6cnjmf0i8b2s85561tsv8.jpg"},{"@type":"WebSite","@id":"https:\/\/www.elektro-test.ba\/#website","url":"https:\/\/www.elektro-test.ba\/","name":"Elektro Test Solar d.o.o.","description":"Stru\u010dnjaci za solarne panele i elektrane, solarno grijanje i hla\u0111enje, toplotne pumpe i off-grid rje\u0161enja u BiH. Iskoristite obnovljive izvore energije za va\u0161u ku\u0107u ili firmu!","publisher":{"@id":"https:\/\/www.elektro-test.ba\/#organization"},"alternateName":"Elektro test solarne elektrane","potentialAction":[{"@type":"SearchAction","target":{"@type":"EntryPoint","urlTemplate":"https:\/\/www.elektro-test.ba\/?s={search_term_string}"},"query-input":{"@type":"PropertyValueSpecification","valueRequired":true,"valueName":"search_term_string"}}],"inLanguage":"en-US"},{"@type":"Organization","@id":"https:\/\/www.elektro-test.ba\/#organization","name":"Elektro test solar d.o.o.","alternateName":"Solarne elektrane Elektro-test solar","url":"https:\/\/www.elektro-test.ba\/","logo":{"@type":"ImageObject","inLanguage":"en-US","@id":"https:\/\/www.elektro-test.ba\/#\/schema\/logo\/image\/","url":"https:\/\/www.elektro-test.ba\/wp-content\/uploads\/2025\/06\/Logo_trans_text_vert.png","contentUrl":"https:\/\/www.elektro-test.ba\/wp-content\/uploads\/2025\/06\/Logo_trans_text_vert.png","width":1641,"height":1038,"caption":"Elektro test solar d.o.o."},"image":{"@id":"https:\/\/www.elektro-test.ba\/#\/schema\/logo\/image\/"},"email":"nmandzic@elektro-test.ba","telephone":"+38733430950","legalName":"Elektro test solar d.o.o.","foundingDate":"2002-01-01","vatID":"4200742130006","taxID":"200742130006","numberOfEmployees":{"@type":"QuantitativeValue","minValue":"1","maxValue":"10"}}]}},"_links":{"self":[{"href":"https:\/\/www.elektro-test.ba\/en\/wp-json\/wp\/v2\/pages\/2955","targetHints":{"allow":["GET"]}}],"collection":[{"href":"https:\/\/www.elektro-test.ba\/en\/wp-json\/wp\/v2\/pages"}],"about":[{"href":"https:\/\/www.elektro-test.ba\/en\/wp-json\/wp\/v2\/types\/page"}],"author":[{"embeddable":true,"href":"https:\/\/www.elektro-test.ba\/en\/wp-json\/wp\/v2\/users\/2"}],"replies":[{"embeddable":true,"href":"https:\/\/www.elektro-test.ba\/en\/wp-json\/wp\/v2\/comments?post=2955"}],"version-history":[{"count":25,"href":"https:\/\/www.elektro-test.ba\/en\/wp-json\/wp\/v2\/pages\/2955\/revisions"}],"predecessor-version":[{"id":31955,"href":"https:\/\/www.elektro-test.ba\/en\/wp-json\/wp\/v2\/pages\/2955\/revisions\/31955"}],"wp:attachment":[{"href":"https:\/\/www.elektro-test.ba\/en\/wp-json\/wp\/v2\/media?parent=2955"}],"curies":[{"name":"wp","href":"https:\/\/api.w.org\/{rel}","templated":true}]}}