{"id":3269,"date":"2018-09-20T14:40:19","date_gmt":"2018-09-20T12:40:19","guid":{"rendered":"http:\/\/www.elektro-test.ba\/?post_type=product&#038;p=3269"},"modified":"2020-02-09T18:02:45","modified_gmt":"2020-02-09T16:02:45","slug":"solarni-kolektor","status":"publish","type":"product","link":"https:\/\/www.elektro-test.ba\/en\/product\/solarni-kolektor\/","title":{"rendered":"Solar Collector"},"content":{"rendered":"","protected":false},"excerpt":{"rendered":"","protected":false},"featured_media":3232,"template":"","meta":[],"product_brand":[],"product_cat":[295],"product_tag":[],"class_list":{"0":"post-3269","1":"product","2":"type-product","3":"status-publish","4":"has-post-thumbnail","6":"product_cat-solarna-oprema","8":"first","9":"instock","10":"shipping-taxable","11":"product-type-simple"},"yoast_head":"<!-- This site is optimized with the Yoast SEO Premium plugin v25.3 (Yoast SEO v25.3) - https:\/\/yoast.com\/wordpress\/plugins\/seo\/ -->\n<title>Solarni Kolektor - Elektro Test Solar d.o.o.<\/title>\n<meta name=\"robots\" content=\"index, follow, max-snippet:-1, max-image-preview:large, max-video-preview:-1\" \/>\n<link rel=\"canonical\" href=\"https:\/\/www.elektro-test.ba\/en\/product\/solarni-kolektor\/\" \/>\n<meta property=\"og:locale\" content=\"en_US\" \/>\n<meta property=\"og:type\" content=\"article\" \/>\n<meta property=\"og:title\" content=\"Solarni Kolektor\" \/>\n<meta property=\"og:url\" content=\"https:\/\/www.elektro-test.ba\/en\/product\/solarni-kolektor\/\" \/>\n<meta property=\"og:site_name\" content=\"Elektro Test Solar d.o.o.\" \/>\n<meta property=\"article:modified_time\" content=\"2020-02-09T16:02:45+00:00\" \/>\n<meta property=\"og:image\" content=\"https:\/\/www.elektro-test.ba\/wp-content\/uploads\/2018\/09\/SOLARNI-KOLEKTOR.jpg\" \/>\n\t<meta property=\"og:image:width\" content=\"600\" \/>\n\t<meta property=\"og:image:height\" content=\"600\" \/>\n\t<meta property=\"og:image:type\" content=\"image\/jpeg\" \/>\n<script type=\"application\/ld+json\" class=\"yoast-schema-graph\">{\"@context\":\"https:\/\/schema.org\",\"@graph\":[{\"@type\":\"WebPage\",\"@id\":\"https:\/\/www.elektro-test.ba\/product\/solarni-kolektor\/\",\"url\":\"https:\/\/www.elektro-test.ba\/product\/solarni-kolektor\/\",\"name\":\"Solarni Kolektor - Elektro Test Solar d.o.o.\",\"isPartOf\":{\"@id\":\"https:\/\/www.elektro-test.ba\/#website\"},\"primaryImageOfPage\":{\"@id\":\"https:\/\/www.elektro-test.ba\/product\/solarni-kolektor\/#primaryimage\"},\"image\":{\"@id\":\"https:\/\/www.elektro-test.ba\/product\/solarni-kolektor\/#primaryimage\"},\"thumbnailUrl\":\"https:\/\/www.elektro-test.ba\/wp-content\/uploads\/2018\/09\/SOLARNI-KOLEKTOR.jpg\",\"datePublished\":\"2018-09-20T12:40:19+00:00\",\"dateModified\":\"2020-02-09T16:02:45+00:00\",\"breadcrumb\":{\"@id\":\"https:\/\/www.elektro-test.ba\/product\/solarni-kolektor\/#breadcrumb\"},\"inLanguage\":\"en-US\",\"potentialAction\":[{\"@type\":\"ReadAction\",\"target\":[\"https:\/\/www.elektro-test.ba\/product\/solarni-kolektor\/\"]}]},{\"@type\":\"ImageObject\",\"inLanguage\":\"en-US\",\"@id\":\"https:\/\/www.elektro-test.ba\/product\/solarni-kolektor\/#primaryimage\",\"url\":\"https:\/\/www.elektro-test.ba\/wp-content\/uploads\/2018\/09\/SOLARNI-KOLEKTOR.jpg\",\"contentUrl\":\"https:\/\/www.elektro-test.ba\/wp-content\/uploads\/2018\/09\/SOLARNI-KOLEKTOR.jpg\",\"width\":600,\"height\":600},{\"@type\":\"BreadcrumbList\",\"@id\":\"https:\/\/www.elektro-test.ba\/product\/solarni-kolektor\/#breadcrumb\",\"itemListElement\":[{\"@type\":\"ListItem\",\"position\":1,\"name\":\"Products\",\"item\":\"https:\/\/www.elektro-test.ba\/trgovina\/\"},{\"@type\":\"ListItem\",\"position\":2,\"name\":\"Solarni Kolektor\"}]},{\"@type\":\"WebSite\",\"@id\":\"https:\/\/www.elektro-test.ba\/#website\",\"url\":\"https:\/\/www.elektro-test.ba\/\",\"name\":\"Elektro Test Solar d.o.o.\",\"description\":\"Stru\u010dnjaci za solarne panele i elektrane, solarno grijanje i hla\u0111enje, toplotne pumpe i off-grid rje\u0161enja u BiH. Iskoristite obnovljive izvore energije za va\u0161u ku\u0107u ili firmu!\",\"publisher\":{\"@id\":\"https:\/\/www.elektro-test.ba\/#organization\"},\"alternateName\":\"Elektro test solarne elektrane\",\"potentialAction\":[{\"@type\":\"SearchAction\",\"target\":{\"@type\":\"EntryPoint\",\"urlTemplate\":\"https:\/\/www.elektro-test.ba\/?s={search_term_string}\"},\"query-input\":{\"@type\":\"PropertyValueSpecification\",\"valueRequired\":true,\"valueName\":\"search_term_string\"}}],\"inLanguage\":\"en-US\"},{\"@type\":\"Organization\",\"@id\":\"https:\/\/www.elektro-test.ba\/#organization\",\"name\":\"Elektro test solar d.o.o.\",\"alternateName\":\"Solarne elektrane Elektro-test solar\",\"url\":\"https:\/\/www.elektro-test.ba\/\",\"logo\":{\"@type\":\"ImageObject\",\"inLanguage\":\"en-US\",\"@id\":\"https:\/\/www.elektro-test.ba\/#\/schema\/logo\/image\/\",\"url\":\"https:\/\/www.elektro-test.ba\/wp-content\/uploads\/2025\/06\/Logo_trans_text_vert.png\",\"contentUrl\":\"https:\/\/www.elektro-test.ba\/wp-content\/uploads\/2025\/06\/Logo_trans_text_vert.png\",\"width\":1641,\"height\":1038,\"caption\":\"Elektro test solar d.o.o.\"},\"image\":{\"@id\":\"https:\/\/www.elektro-test.ba\/#\/schema\/logo\/image\/\"},\"email\":\"nmandzic@elektro-test.ba\",\"telephone\":\"+38733430950\",\"legalName\":\"Elektro test solar d.o.o.\",\"foundingDate\":\"2002-01-01\",\"vatID\":\"4200742130006\",\"taxID\":\"200742130006\",\"numberOfEmployees\":{\"@type\":\"QuantitativeValue\",\"minValue\":\"1\",\"maxValue\":\"10\"}}]}<\/script>\n<!-- \/ Yoast SEO Premium plugin. -->","yoast_head_json":{"title":"Solarni Kolektor - Elektro Test Solar d.o.o.","robots":{"index":"index","follow":"follow","max-snippet":"max-snippet:-1","max-image-preview":"max-image-preview:large","max-video-preview":"max-video-preview:-1"},"canonical":"https:\/\/www.elektro-test.ba\/en\/product\/solarni-kolektor\/","og_locale":"en_US","og_type":"article","og_title":"Solarni Kolektor","og_url":"https:\/\/www.elektro-test.ba\/en\/product\/solarni-kolektor\/","og_site_name":"Elektro Test Solar d.o.o.","article_modified_time":"2020-02-09T16:02:45+00:00","og_image":[{"width":600,"height":600,"url":"https:\/\/www.elektro-test.ba\/wp-content\/uploads\/2018\/09\/SOLARNI-KOLEKTOR.jpg","type":"image\/jpeg"}],"schema":{"@context":"https:\/\/schema.org","@graph":[{"@type":"WebPage","@id":"https:\/\/www.elektro-test.ba\/product\/solarni-kolektor\/","url":"https:\/\/www.elektro-test.ba\/product\/solarni-kolektor\/","name":"Solarni Kolektor - Elektro Test Solar d.o.o.","isPartOf":{"@id":"https:\/\/www.elektro-test.ba\/#website"},"primaryImageOfPage":{"@id":"https:\/\/www.elektro-test.ba\/product\/solarni-kolektor\/#primaryimage"},"image":{"@id":"https:\/\/www.elektro-test.ba\/product\/solarni-kolektor\/#primaryimage"},"thumbnailUrl":"https:\/\/www.elektro-test.ba\/wp-content\/uploads\/2018\/09\/SOLARNI-KOLEKTOR.jpg","datePublished":"2018-09-20T12:40:19+00:00","dateModified":"2020-02-09T16:02:45+00:00","breadcrumb":{"@id":"https:\/\/www.elektro-test.ba\/product\/solarni-kolektor\/#breadcrumb"},"inLanguage":"en-US","potentialAction":[{"@type":"ReadAction","target":["https:\/\/www.elektro-test.ba\/product\/solarni-kolektor\/"]}]},{"@type":"ImageObject","inLanguage":"en-US","@id":"https:\/\/www.elektro-test.ba\/product\/solarni-kolektor\/#primaryimage","url":"https:\/\/www.elektro-test.ba\/wp-content\/uploads\/2018\/09\/SOLARNI-KOLEKTOR.jpg","contentUrl":"https:\/\/www.elektro-test.ba\/wp-content\/uploads\/2018\/09\/SOLARNI-KOLEKTOR.jpg","width":600,"height":600},{"@type":"BreadcrumbList","@id":"https:\/\/www.elektro-test.ba\/product\/solarni-kolektor\/#breadcrumb","itemListElement":[{"@type":"ListItem","position":1,"name":"Products","item":"https:\/\/www.elektro-test.ba\/trgovina\/"},{"@type":"ListItem","position":2,"name":"Solarni Kolektor"}]},{"@type":"WebSite","@id":"https:\/\/www.elektro-test.ba\/#website","url":"https:\/\/www.elektro-test.ba\/","name":"Elektro Test Solar d.o.o.","description":"Stru\u010dnjaci za solarne panele i elektrane, solarno grijanje i hla\u0111enje, toplotne pumpe i off-grid rje\u0161enja u BiH. Iskoristite obnovljive izvore energije za va\u0161u ku\u0107u ili firmu!","publisher":{"@id":"https:\/\/www.elektro-test.ba\/#organization"},"alternateName":"Elektro test solarne elektrane","potentialAction":[{"@type":"SearchAction","target":{"@type":"EntryPoint","urlTemplate":"https:\/\/www.elektro-test.ba\/?s={search_term_string}"},"query-input":{"@type":"PropertyValueSpecification","valueRequired":true,"valueName":"search_term_string"}}],"inLanguage":"en-US"},{"@type":"Organization","@id":"https:\/\/www.elektro-test.ba\/#organization","name":"Elektro test solar d.o.o.","alternateName":"Solarne elektrane Elektro-test solar","url":"https:\/\/www.elektro-test.ba\/","logo":{"@type":"ImageObject","inLanguage":"en-US","@id":"https:\/\/www.elektro-test.ba\/#\/schema\/logo\/image\/","url":"https:\/\/www.elektro-test.ba\/wp-content\/uploads\/2025\/06\/Logo_trans_text_vert.png","contentUrl":"https:\/\/www.elektro-test.ba\/wp-content\/uploads\/2025\/06\/Logo_trans_text_vert.png","width":1641,"height":1038,"caption":"Elektro test solar d.o.o."},"image":{"@id":"https:\/\/www.elektro-test.ba\/#\/schema\/logo\/image\/"},"email":"nmandzic@elektro-test.ba","telephone":"+38733430950","legalName":"Elektro test solar d.o.o.","foundingDate":"2002-01-01","vatID":"4200742130006","taxID":"200742130006","numberOfEmployees":{"@type":"QuantitativeValue","minValue":"1","maxValue":"10"}}]}},"_links":{"self":[{"href":"https:\/\/www.elektro-test.ba\/en\/wp-json\/wp\/v2\/product\/3269","targetHints":{"allow":["GET"]}}],"collection":[{"href":"https:\/\/www.elektro-test.ba\/en\/wp-json\/wp\/v2\/product"}],"about":[{"href":"https:\/\/www.elektro-test.ba\/en\/wp-json\/wp\/v2\/types\/product"}],"version-history":[{"count":0,"href":"https:\/\/www.elektro-test.ba\/en\/wp-json\/wp\/v2\/product\/3269\/revisions"}],"wp:featuredmedia":[{"embeddable":true,"href":"https:\/\/www.elektro-test.ba\/en\/wp-json\/wp\/v2\/media\/3232"}],"wp:attachment":[{"href":"https:\/\/www.elektro-test.ba\/en\/wp-json\/wp\/v2\/media?parent=3269"}],"wp:term":[{"taxonomy":"product_brand","embeddable":true,"href":"https:\/\/www.elektro-test.ba\/en\/wp-json\/wp\/v2\/product_brand?post=3269"},{"taxonomy":"product_cat","embeddable":true,"href":"https:\/\/www.elektro-test.ba\/en\/wp-json\/wp\/v2\/product_cat?post=3269"},{"taxonomy":"product_tag","embeddable":true,"href":"https:\/\/www.elektro-test.ba\/en\/wp-json\/wp\/v2\/product_tag?post=3269"}],"curies":[{"name":"wp","href":"https:\/\/api.w.org\/{rel}","templated":true}]}}