{"id":28416,"date":"2022-09-19T15:36:10","date_gmt":"2022-09-19T13:36:10","guid":{"rendered":"https:\/\/www.elektro-test.ba\/?page_id=28416"},"modified":"2025-06-13T12:20:47","modified_gmt":"2025-06-13T10:20:47","slug":"solarni-bojleri","status":"publish","type":"page","link":"https:\/\/www.elektro-test.ba\/tr\/solarni-bojleri\/","title":{"rendered":"G\u00fcne\u015f Kazanlar\u0131"},"content":{"rendered":"<div data-elementor-type=\"wp-post\" data-elementor-id=\"28416\" class=\"elementor elementor-28416\">\n\t\t\t\t\t\t<section class=\"elementor-section elementor-top-section elementor-element elementor-element-4c4b0eb elementor-section-boxed elementor-section-height-default elementor-section-height-default\" data-id=\"4c4b0eb\" data-element_type=\"section\">\n\t\t\t\t\t\t<div class=\"elementor-container elementor-column-gap-default\">\n\t\t\t\t\t<div class=\"elementor-column elementor-col-100 elementor-top-column elementor-element elementor-element-c271eb7\" data-id=\"c271eb7\" data-element_type=\"column\">\n\t\t\t<div class=\"elementor-widget-wrap elementor-element-populated\">\n\t\t\t\t\t\t<div class=\"elementor-element elementor-element-298460e elementor-widget elementor-widget-heading\" data-id=\"298460e\" data-element_type=\"widget\" data-widget_type=\"heading.default\">\n\t\t\t\t<div class=\"elementor-widget-container\">\n\t\t\t\t\t<h2 class=\"elementor-heading-title elementor-size-default\">G\u00fcne\u015f enerjili su \u0131s\u0131t\u0131c\u0131lar\u0131<\/h2>\t\t\t\t<\/div>\n\t\t\t\t<\/div>\n\t\t\t\t\t<\/div>\n\t\t<\/div>\n\t\t\t\t\t<\/div>\n\t\t<\/section>\n\t\t\t\t<section class=\"elementor-section elementor-top-section elementor-element elementor-element-f01ad34 elementor-section-stretched elementor-section-full_width elementor-section-height-min-height elementor-section-height-default elementor-section-items-middle\" data-id=\"f01ad34\" data-element_type=\"section\" data-settings=\"{&quot;stretch_section&quot;:&quot;section-stretched&quot;}\">\n\t\t\t\t\t\t<div class=\"elementor-container elementor-column-gap-no\">\n\t\t\t\t\t<div class=\"elementor-column elementor-col-100 elementor-top-column elementor-element elementor-element-99f2bf3\" data-id=\"99f2bf3\" data-element_type=\"column\">\n\t\t\t<div class=\"elementor-widget-wrap elementor-element-populated\">\n\t\t\t\t\t\t<div class=\"elementor-element elementor-element-72f5b9c elementor-widget elementor-widget-image\" data-id=\"72f5b9c\" data-element_type=\"widget\" data-widget_type=\"image.default\">\n\t\t\t\t<div class=\"elementor-widget-container\">\n\t\t\t\t\t\t\t\t\t\t\t\t\t\t\t<img fetchpriority=\"high\" decoding=\"async\" width=\"1920\" height=\"600\" src=\"https:\/\/www.elektro-test.ba\/wp-content\/uploads\/2022\/09\/heat-pump-solar.jpg\" class=\"attachment-full size-full wp-image-28437\" alt=\"\" srcset=\"https:\/\/www.elektro-test.ba\/wp-content\/uploads\/2022\/09\/heat-pump-solar.jpg 1920w, https:\/\/www.elektro-test.ba\/wp-content\/uploads\/2022\/09\/heat-pump-solar-300x94.jpg 300w, https:\/\/www.elektro-test.ba\/wp-content\/uploads\/2022\/09\/heat-pump-solar-1024x320.jpg 1024w, https:\/\/www.elektro-test.ba\/wp-content\/uploads\/2022\/09\/heat-pump-solar-768x240.jpg 768w, https:\/\/www.elektro-test.ba\/wp-content\/uploads\/2022\/09\/heat-pump-solar-1536x480.jpg 1536w, https:\/\/www.elektro-test.ba\/wp-content\/uploads\/2022\/09\/heat-pump-solar-600x188.jpg 600w\" sizes=\"(max-width: 1920px) 100vw, 1920px\" \/>\t\t\t\t\t\t\t\t\t\t\t\t\t\t\t<\/div>\n\t\t\t\t<\/div>\n\t\t\t\t\t<\/div>\n\t\t<\/div>\n\t\t\t\t\t<\/div>\n\t\t<\/section>\n\t\t\t\t<section class=\"elementor-section elementor-top-section elementor-element elementor-element-fe07d2b elementor-section-boxed elementor-section-height-default elementor-section-height-default\" data-id=\"fe07d2b\" data-element_type=\"section\">\n\t\t\t\t\t\t<div class=\"elementor-container elementor-column-gap-default\">\n\t\t\t\t\t<div class=\"elementor-column elementor-col-100 elementor-top-column elementor-element elementor-element-b27c802\" data-id=\"b27c802\" data-element_type=\"column\">\n\t\t\t<div class=\"elementor-widget-wrap elementor-element-populated\">\n\t\t\t\t\t\t<div class=\"elementor-element elementor-element-b1b965f elementor-grid-3 elementor-grid-tablet-2 elementor-grid-mobile-1 elementor-posts--thumbnail-top elementor-card-shadow-yes elementor-posts__hover-gradient elementor-widget elementor-widget-posts\" data-id=\"b1b965f\" data-element_type=\"widget\" data-settings=\"{&quot;cards_columns&quot;:&quot;3&quot;,&quot;cards_columns_tablet&quot;:&quot;2&quot;,&quot;cards_columns_mobile&quot;:&quot;1&quot;,&quot;cards_row_gap&quot;:{&quot;unit&quot;:&quot;px&quot;,&quot;size&quot;:35,&quot;sizes&quot;:[]},&quot;cards_row_gap_tablet&quot;:{&quot;unit&quot;:&quot;px&quot;,&quot;size&quot;:&quot;&quot;,&quot;sizes&quot;:[]},&quot;cards_row_gap_mobile&quot;:{&quot;unit&quot;:&quot;px&quot;,&quot;size&quot;:&quot;&quot;,&quot;sizes&quot;:[]}}\" data-widget_type=\"posts.cards\">\n\t\t\t\t<div class=\"elementor-widget-container\">\n\t\t\t\t\t\t\t<div class=\"elementor-posts-container elementor-posts elementor-posts--skin-cards elementor-grid\">\n\t\t\t\t<article class=\"elementor-post elementor-grid-item post-28355 post type-post status-publish format-aside has-post-thumbnail hentry category-solarni-bojler post_format-post-format-aside\">\n\t\t\t<div class=\"elementor-post__card\">\n\t\t\t\t<a class=\"elementor-post__thumbnail__link\" href=\"https:\/\/www.elektro-test.ba\/tr\/solarni-bojler\/tse\/\" ><div class=\"elementor-post__thumbnail\"><img decoding=\"async\" width=\"300\" height=\"300\" src=\"https:\/\/www.elektro-test.ba\/wp-content\/uploads\/2022\/09\/TSE-300x300.jpg\" class=\"attachment-medium size-medium wp-image-28359\" alt=\"\" srcset=\"https:\/\/www.elektro-test.ba\/wp-content\/uploads\/2022\/09\/TSE-300x300.jpg 300w, https:\/\/www.elektro-test.ba\/wp-content\/uploads\/2022\/09\/TSE-150x150.jpg 150w, https:\/\/www.elektro-test.ba\/wp-content\/uploads\/2022\/09\/TSE-100x100.jpg 100w, https:\/\/www.elektro-test.ba\/wp-content\/uploads\/2022\/09\/TSE.jpg 499w\" sizes=\"(max-width: 300px) 100vw, 300px\" \/><\/div><\/a>\n\t\t\t\t<div class=\"elementor-post__text\">\n\t\t\t\t<h3 class=\"elementor-post__title\">\n\t\t\t<a href=\"https:\/\/www.elektro-test.ba\/tr\/solarni-bojler\/tse\/\" >\n\t\t\t\tTSE\t\t\t<\/a>\n\t\t<\/h3>\n\t\t\t\t<div class=\"elementor-post__excerpt\">\n\t\t\t<p>TSE \u00dcR\u00dcN KODU TEKN\u0130K \u00d6ZELL\u0130KLER\u0130 TSM 150 MA-1660 TSM 200 MA-1661 TSM 300 MA-1662 Kapasite (lt\/g\u00fcn) 150 170 300 Tank \u00e7al\u0131\u015fma bas\u0131nc\u0131 (bar) 10 10<\/p>\n\t\t<\/div>\n\t\t\t\t\t<div class=\"elementor-post__read-more-wrapper\">\n\t\t\n\t\t<a class=\"elementor-post__read-more\" href=\"https:\/\/www.elektro-test.ba\/tr\/solarni-bojler\/tse\/\" >\n\t\t\tG\u00f6r\u00fc\u015f &quot;\t\t<\/a>\n\n\t\t\t\t\t<\/div>\n\t\t\t\t<\/div>\n\t\t\t\t\t<\/div>\n\t\t<\/article>\n\t\t\t\t<article class=\"elementor-post elementor-grid-item post-28347 post type-post status-publish format-aside has-post-thumbnail hentry category-solarni-bojler post_format-post-format-aside\">\n\t\t\t<div class=\"elementor-post__card\">\n\t\t\t\t<a class=\"elementor-post__thumbnail__link\" href=\"https:\/\/www.elektro-test.ba\/tr\/solarni-bojler\/solitank\/\" ><div class=\"elementor-post__thumbnail\"><img decoding=\"async\" width=\"300\" height=\"300\" src=\"https:\/\/www.elektro-test.ba\/wp-content\/uploads\/2022\/09\/solitank-300x300.jpg\" class=\"attachment-medium size-medium wp-image-28349\" alt=\"\" srcset=\"https:\/\/www.elektro-test.ba\/wp-content\/uploads\/2022\/09\/solitank-300x300.jpg 300w, https:\/\/www.elektro-test.ba\/wp-content\/uploads\/2022\/09\/solitank-150x150.jpg 150w, https:\/\/www.elektro-test.ba\/wp-content\/uploads\/2022\/09\/solitank-100x100.jpg 100w, https:\/\/www.elektro-test.ba\/wp-content\/uploads\/2022\/09\/solitank.jpg 499w\" sizes=\"(max-width: 300px) 100vw, 300px\" \/><\/div><\/a>\n\t\t\t\t<div class=\"elementor-post__text\">\n\t\t\t\t<h3 class=\"elementor-post__title\">\n\t\t\t<a href=\"https:\/\/www.elektro-test.ba\/tr\/solarni-bojler\/solitank\/\" >\n\t\t\t\tSolitanik - Is\u0131 pompalar\u0131yla m\u00fckemmel uyum\t\t\t<\/a>\n\t\t<\/h3>\n\t\t\t\t<div class=\"elementor-post__excerpt\">\n\t\t\t<p>Solitank \u2013 Is\u0131 pompalar\u0131yla m\u00fckemmel uyum TEKN\u0130K \u00d6ZELL\u0130KLER \u00dcR\u00dcN KODU SOLITANK 200 MA-0001 SOLITANK 300 MA-0002 SOLITANK 500 MA-0492 SOLITANK 1000 MA-0493 Y\u00fckseklik (mm) 1245<\/p>\n\t\t<\/div>\n\t\t\t\t\t<div class=\"elementor-post__read-more-wrapper\">\n\t\t\n\t\t<a class=\"elementor-post__read-more\" href=\"https:\/\/www.elektro-test.ba\/tr\/solarni-bojler\/solitank\/\" >\n\t\t\tG\u00f6r\u00fc\u015f &quot;\t\t<\/a>\n\n\t\t\t\t\t<\/div>\n\t\t\t\t<\/div>\n\t\t\t\t\t<\/div>\n\t\t<\/article>\n\t\t\t\t<article class=\"elementor-post elementor-grid-item post-28338 post type-post status-publish format-aside has-post-thumbnail hentry category-solarni-bojler post_format-post-format-aside\">\n\t\t\t<div class=\"elementor-post__card\">\n\t\t\t\t<a class=\"elementor-post__thumbnail__link\" href=\"https:\/\/www.elektro-test.ba\/tr\/solarni-bojler\/solikombi\/\" ><div class=\"elementor-post__thumbnail\"><img loading=\"lazy\" decoding=\"async\" width=\"300\" height=\"300\" src=\"https:\/\/www.elektro-test.ba\/wp-content\/uploads\/2022\/09\/solikombi-300x300.jpg\" class=\"attachment-medium size-medium wp-image-28339\" alt=\"\" srcset=\"https:\/\/www.elektro-test.ba\/wp-content\/uploads\/2022\/09\/solikombi-300x300.jpg 300w, https:\/\/www.elektro-test.ba\/wp-content\/uploads\/2022\/09\/solikombi-150x150.jpg 150w, https:\/\/www.elektro-test.ba\/wp-content\/uploads\/2022\/09\/solikombi-100x100.jpg 100w, https:\/\/www.elektro-test.ba\/wp-content\/uploads\/2022\/09\/solikombi.jpg 499w\" sizes=\"(max-width: 300px) 100vw, 300px\" \/><\/div><\/a>\n\t\t\t\t<div class=\"elementor-post__text\">\n\t\t\t\t<h3 class=\"elementor-post__title\">\n\t\t\t<a href=\"https:\/\/www.elektro-test.ba\/tr\/solarni-bojler\/solikombi\/\" >\n\t\t\t\tSolikombi \u2013 Is\u0131 pompalar\u0131yla m\u00fckemmel uyum\t\t\t<\/a>\n\t\t<\/h3>\n\t\t\t\t<div class=\"elementor-post__excerpt\">\n\t\t\t<p>Solikombi - Is\u0131 pompalar\u0131yla m\u00fckemmel uyum TEKN\u0130K \u00d6ZELL\u0130KLER \u00dcR\u00dcN KODU Solikombi 300 MA - 0367 Solikombi 500 MA - 0494 Solikombi 800 \/ MA -<\/p>\n\t\t<\/div>\n\t\t\t\t\t<div class=\"elementor-post__read-more-wrapper\">\n\t\t\n\t\t<a class=\"elementor-post__read-more\" href=\"https:\/\/www.elektro-test.ba\/tr\/solarni-bojler\/solikombi\/\" >\n\t\t\tG\u00f6r\u00fc\u015f &quot;\t\t<\/a>\n\n\t\t\t\t\t<\/div>\n\t\t\t\t<\/div>\n\t\t\t\t\t<\/div>\n\t\t<\/article>\n\t\t\t\t<article class=\"elementor-post elementor-grid-item post-28321 post type-post status-publish format-aside has-post-thumbnail hentry category-solarni-bojler post_format-post-format-aside\">\n\t\t\t<div class=\"elementor-post__card\">\n\t\t\t\t<a class=\"elementor-post__thumbnail__link\" href=\"https:\/\/www.elektro-test.ba\/tr\/solarni-bojler\/solibuffer\/\" ><div class=\"elementor-post__thumbnail\"><img loading=\"lazy\" decoding=\"async\" width=\"300\" height=\"300\" src=\"https:\/\/www.elektro-test.ba\/wp-content\/uploads\/2022\/09\/solibuffer-300x300.jpg\" class=\"attachment-medium size-medium wp-image-28315\" alt=\"\" srcset=\"https:\/\/www.elektro-test.ba\/wp-content\/uploads\/2022\/09\/solibuffer-300x300.jpg 300w, https:\/\/www.elektro-test.ba\/wp-content\/uploads\/2022\/09\/solibuffer-150x150.jpg 150w, https:\/\/www.elektro-test.ba\/wp-content\/uploads\/2022\/09\/solibuffer-100x100.jpg 100w, https:\/\/www.elektro-test.ba\/wp-content\/uploads\/2022\/09\/solibuffer.jpg 499w\" sizes=\"(max-width: 300px) 100vw, 300px\" \/><\/div><\/a>\n\t\t\t\t<div class=\"elementor-post__text\">\n\t\t\t\t<h3 class=\"elementor-post__title\">\n\t\t\t<a href=\"https:\/\/www.elektro-test.ba\/tr\/solarni-bojler\/solibuffer\/\" >\n\t\t\t\tKat\u0131 tampon\t\t\t<\/a>\n\t\t<\/h3>\n\t\t\t\t<div class=\"elementor-post__excerpt\">\n\t\t\t<p>Solibuffer TEKN\u0130K \u00d6ZELL\u0130KLER \u00dcR\u00dcN KODU TAMPON 100 MA-0004 TAMPON 200 MA-0003 TAMPON 300 MA-0360 TAMPON 500 MA-0490 TAMPON 1000 MA-0491 Y\u00fckseklik (mm) 795 1245 1770<\/p>\n\t\t<\/div>\n\t\t\t\t\t<div class=\"elementor-post__read-more-wrapper\">\n\t\t\n\t\t<a class=\"elementor-post__read-more\" href=\"https:\/\/www.elektro-test.ba\/tr\/solarni-bojler\/solibuffer\/\" >\n\t\t\tG\u00f6r\u00fc\u015f &quot;\t\t<\/a>\n\n\t\t\t\t\t<\/div>\n\t\t\t\t<\/div>\n\t\t\t\t\t<\/div>\n\t\t<\/article>\n\t\t\t\t<\/div>\n\n\n\t\t\n\t\t\t\t\t\t<\/div>\n\t\t\t\t<\/div>\n\t\t\t\t\t<\/div>\n\t\t<\/div>\n\t\t\t\t\t<\/div>\n\t\t<\/section>\n\t\t\t\t<\/div>","protected":false},"excerpt":{"rendered":"<p>G\u00fcne\u015f enerjili su \u0131s\u0131t\u0131c\u0131lar\u0131<\/p>","protected":false},"author":2,"featured_media":0,"parent":0,"menu_order":0,"comment_status":"closed","ping_status":"closed","template":"elementor_header_footer","meta":{"footnotes":""},"class_list":["post-28416","page","type-page","status-publish","hentry"],"yoast_head":"<!-- This site is optimized with the Yoast SEO Premium plugin v25.3 (Yoast SEO v25.3) - https:\/\/yoast.com\/wordpress\/plugins\/seo\/ -->\n<title>Solarni Bojleri - Elektro Test Solar d.o.o.<\/title>\n<meta name=\"description\" content=\"%\" \/>\n<meta name=\"robots\" content=\"index, follow, max-snippet:-1, max-image-preview:large, max-video-preview:-1\" \/>\n<link rel=\"canonical\" href=\"https:\/\/www.elektro-test.ba\/tr\/solarni-bojleri\/\" \/>\n<meta property=\"og:locale\" content=\"tr_TR\" \/>\n<meta property=\"og:type\" content=\"article\" \/>\n<meta property=\"og:title\" content=\"Solarni Bojleri\" \/>\n<meta property=\"og:description\" content=\"%\" \/>\n<meta property=\"og:url\" content=\"https:\/\/www.elektro-test.ba\/tr\/solarni-bojleri\/\" \/>\n<meta property=\"og:site_name\" content=\"Elektro Test Solar d.o.o.\" \/>\n<meta property=\"article:modified_time\" content=\"2025-06-13T10:20:47+00:00\" \/>\n<meta property=\"og:image\" content=\"https:\/\/www.elektro-test.ba\/wp-content\/uploads\/2022\/09\/heat-pump-solar.jpg\" \/>\n<meta name=\"twitter:label1\" content=\"Tahmini okuma s\u00fcresi\" \/>\n\t<meta name=\"twitter:data1\" content=\"1 dakika\" \/>\n<script type=\"application\/ld+json\" class=\"yoast-schema-graph\">{\"@context\":\"https:\/\/schema.org\",\"@graph\":[{\"@type\":\"WebPage\",\"@id\":\"https:\/\/www.elektro-test.ba\/solarni-bojleri\/\",\"url\":\"https:\/\/www.elektro-test.ba\/solarni-bojleri\/\",\"name\":\"Solarni Bojleri - Elektro Test Solar d.o.o.\",\"isPartOf\":{\"@id\":\"https:\/\/www.elektro-test.ba\/#website\"},\"primaryImageOfPage\":{\"@id\":\"https:\/\/www.elektro-test.ba\/solarni-bojleri\/#primaryimage\"},\"image\":{\"@id\":\"https:\/\/www.elektro-test.ba\/solarni-bojleri\/#primaryimage\"},\"thumbnailUrl\":\"https:\/\/www.elektro-test.ba\/wp-content\/uploads\/2022\/09\/heat-pump-solar.jpg\",\"datePublished\":\"2022-09-19T13:36:10+00:00\",\"dateModified\":\"2025-06-13T10:20:47+00:00\",\"description\":\"%\",\"inLanguage\":\"tr\",\"potentialAction\":[{\"@type\":\"ReadAction\",\"target\":[\"https:\/\/www.elektro-test.ba\/solarni-bojleri\/\"]}]},{\"@type\":\"ImageObject\",\"inLanguage\":\"tr\",\"@id\":\"https:\/\/www.elektro-test.ba\/solarni-bojleri\/#primaryimage\",\"url\":\"https:\/\/www.elektro-test.ba\/wp-content\/uploads\/2022\/09\/heat-pump-solar.jpg\",\"contentUrl\":\"https:\/\/www.elektro-test.ba\/wp-content\/uploads\/2022\/09\/heat-pump-solar.jpg\"},{\"@type\":\"WebSite\",\"@id\":\"https:\/\/www.elektro-test.ba\/#website\",\"url\":\"https:\/\/www.elektro-test.ba\/\",\"name\":\"Elektro Test Solar d.o.o.\",\"description\":\"Stru\u010dnjaci za solarne panele i elektrane, solarno grijanje i hla\u0111enje, toplotne pumpe i off-grid rje\u0161enja u BiH. Iskoristite obnovljive izvore energije za va\u0161u ku\u0107u ili firmu!\",\"publisher\":{\"@id\":\"https:\/\/www.elektro-test.ba\/#organization\"},\"alternateName\":\"Elektro test solarne elektrane\",\"potentialAction\":[{\"@type\":\"SearchAction\",\"target\":{\"@type\":\"EntryPoint\",\"urlTemplate\":\"https:\/\/www.elektro-test.ba\/?s={search_term_string}\"},\"query-input\":{\"@type\":\"PropertyValueSpecification\",\"valueRequired\":true,\"valueName\":\"search_term_string\"}}],\"inLanguage\":\"tr\"},{\"@type\":\"Organization\",\"@id\":\"https:\/\/www.elektro-test.ba\/#organization\",\"name\":\"Elektro test solar d.o.o.\",\"alternateName\":\"Solarne elektrane Elektro-test solar\",\"url\":\"https:\/\/www.elektro-test.ba\/\",\"logo\":{\"@type\":\"ImageObject\",\"inLanguage\":\"tr\",\"@id\":\"https:\/\/www.elektro-test.ba\/#\/schema\/logo\/image\/\",\"url\":\"https:\/\/www.elektro-test.ba\/wp-content\/uploads\/2025\/06\/Logo_trans_text_vert.png\",\"contentUrl\":\"https:\/\/www.elektro-test.ba\/wp-content\/uploads\/2025\/06\/Logo_trans_text_vert.png\",\"width\":1641,\"height\":1038,\"caption\":\"Elektro test solar d.o.o.\"},\"image\":{\"@id\":\"https:\/\/www.elektro-test.ba\/#\/schema\/logo\/image\/\"},\"email\":\"nmandzic@elektro-test.ba\",\"telephone\":\"+38733430950\",\"legalName\":\"Elektro test solar d.o.o.\",\"foundingDate\":\"2002-01-01\",\"vatID\":\"4200742130006\",\"taxID\":\"200742130006\",\"numberOfEmployees\":{\"@type\":\"QuantitativeValue\",\"minValue\":\"1\",\"maxValue\":\"10\"}}]}<\/script>\n<!-- \/ Yoast SEO Premium plugin. -->","yoast_head_json":{"title":"Solarni Bojleri - Elektro Test Solar d.o.o.","description":"%","robots":{"index":"index","follow":"follow","max-snippet":"max-snippet:-1","max-image-preview":"max-image-preview:large","max-video-preview":"max-video-preview:-1"},"canonical":"https:\/\/www.elektro-test.ba\/tr\/solarni-bojleri\/","og_locale":"tr_TR","og_type":"article","og_title":"Solarni Bojleri","og_description":"%","og_url":"https:\/\/www.elektro-test.ba\/tr\/solarni-bojleri\/","og_site_name":"Elektro Test Solar d.o.o.","article_modified_time":"2025-06-13T10:20:47+00:00","og_image":[{"url":"https:\/\/www.elektro-test.ba\/wp-content\/uploads\/2022\/09\/heat-pump-solar.jpg","type":"","width":"","height":""}],"twitter_misc":{"Tahmini okuma s\u00fcresi":"1 dakika"},"schema":{"@context":"https:\/\/schema.org","@graph":[{"@type":"WebPage","@id":"https:\/\/www.elektro-test.ba\/solarni-bojleri\/","url":"https:\/\/www.elektro-test.ba\/solarni-bojleri\/","name":"Solarni Bojleri - Elektro Test Solar d.o.o.","isPartOf":{"@id":"https:\/\/www.elektro-test.ba\/#website"},"primaryImageOfPage":{"@id":"https:\/\/www.elektro-test.ba\/solarni-bojleri\/#primaryimage"},"image":{"@id":"https:\/\/www.elektro-test.ba\/solarni-bojleri\/#primaryimage"},"thumbnailUrl":"https:\/\/www.elektro-test.ba\/wp-content\/uploads\/2022\/09\/heat-pump-solar.jpg","datePublished":"2022-09-19T13:36:10+00:00","dateModified":"2025-06-13T10:20:47+00:00","description":"%","inLanguage":"tr","potentialAction":[{"@type":"ReadAction","target":["https:\/\/www.elektro-test.ba\/solarni-bojleri\/"]}]},{"@type":"ImageObject","inLanguage":"tr","@id":"https:\/\/www.elektro-test.ba\/solarni-bojleri\/#primaryimage","url":"https:\/\/www.elektro-test.ba\/wp-content\/uploads\/2022\/09\/heat-pump-solar.jpg","contentUrl":"https:\/\/www.elektro-test.ba\/wp-content\/uploads\/2022\/09\/heat-pump-solar.jpg"},{"@type":"WebSite","@id":"https:\/\/www.elektro-test.ba\/#website","url":"https:\/\/www.elektro-test.ba\/","name":"Elektro Test Solar d.o.o.","description":"Stru\u010dnjaci za solarne panele i elektrane, solarno grijanje i hla\u0111enje, toplotne pumpe i off-grid rje\u0161enja u BiH. Iskoristite obnovljive izvore energije za va\u0161u ku\u0107u ili firmu!","publisher":{"@id":"https:\/\/www.elektro-test.ba\/#organization"},"alternateName":"Elektro test solarne elektrane","potentialAction":[{"@type":"SearchAction","target":{"@type":"EntryPoint","urlTemplate":"https:\/\/www.elektro-test.ba\/?s={search_term_string}"},"query-input":{"@type":"PropertyValueSpecification","valueRequired":true,"valueName":"search_term_string"}}],"inLanguage":"tr"},{"@type":"Organization","@id":"https:\/\/www.elektro-test.ba\/#organization","name":"Elektro test solar d.o.o.","alternateName":"Solarne elektrane Elektro-test solar","url":"https:\/\/www.elektro-test.ba\/","logo":{"@type":"ImageObject","inLanguage":"tr","@id":"https:\/\/www.elektro-test.ba\/#\/schema\/logo\/image\/","url":"https:\/\/www.elektro-test.ba\/wp-content\/uploads\/2025\/06\/Logo_trans_text_vert.png","contentUrl":"https:\/\/www.elektro-test.ba\/wp-content\/uploads\/2025\/06\/Logo_trans_text_vert.png","width":1641,"height":1038,"caption":"Elektro test solar d.o.o."},"image":{"@id":"https:\/\/www.elektro-test.ba\/#\/schema\/logo\/image\/"},"email":"nmandzic@elektro-test.ba","telephone":"+38733430950","legalName":"Elektro test solar d.o.o.","foundingDate":"2002-01-01","vatID":"4200742130006","taxID":"200742130006","numberOfEmployees":{"@type":"QuantitativeValue","minValue":"1","maxValue":"10"}}]}},"_links":{"self":[{"href":"https:\/\/www.elektro-test.ba\/tr\/wp-json\/wp\/v2\/pages\/28416","targetHints":{"allow":["GET"]}}],"collection":[{"href":"https:\/\/www.elektro-test.ba\/tr\/wp-json\/wp\/v2\/pages"}],"about":[{"href":"https:\/\/www.elektro-test.ba\/tr\/wp-json\/wp\/v2\/types\/page"}],"author":[{"embeddable":true,"href":"https:\/\/www.elektro-test.ba\/tr\/wp-json\/wp\/v2\/users\/2"}],"replies":[{"embeddable":true,"href":"https:\/\/www.elektro-test.ba\/tr\/wp-json\/wp\/v2\/comments?post=28416"}],"version-history":[{"count":28,"href":"https:\/\/www.elektro-test.ba\/tr\/wp-json\/wp\/v2\/pages\/28416\/revisions"}],"predecessor-version":[{"id":32031,"href":"https:\/\/www.elektro-test.ba\/tr\/wp-json\/wp\/v2\/pages\/28416\/revisions\/32031"}],"wp:attachment":[{"href":"https:\/\/www.elektro-test.ba\/tr\/wp-json\/wp\/v2\/media?parent=28416"}],"curies":[{"name":"wp","href":"https:\/\/api.w.org\/{rel}","templated":true}]}}